{"id":7425,"date":"2025-11-27T21:57:20","date_gmt":"2025-11-27T19:57:20","guid":{"rendered":"https:\/\/novusagalds.lv\/privatuma-politika\/"},"modified":"2025-11-27T23:44:26","modified_gmt":"2025-11-27T21:44:26","slug":"privacy-policy","status":"publish","type":"page","link":"https:\/\/novusagalds.lv\/en\/privacy-policy\/","title":{"rendered":"Privacy Policy"},"content":{"rendered":"<div class=\"wpb-content-wrapper\"><p>[vc_row el_class=&#8221;my-wrap&#8221;][vc_column][vc_column_text css=&#8221;&#8221;]<\/p>\n<h3 class=\"att-head\">SIA Novusa galds Priv\u0101tuma politika<\/h3>\n<p class=\"main-txt\">SIA Novusa galds (re\u0123.nr. 40203619756, juridisk\u0101 adrese: Siguldas iela 19 \u2013 15, Liep\u0101ja, LV\u20113416 Latvija)<br \/>\nir P\u0101rzinis, kas izpilda Eiropas Savien\u012bbas Visp\u0101r\u012bg\u0101s datu aizsardz\u012bbas regulas Nr.2016\/679 pras\u012bbas Latvij\u0101.<\/p>\n<div class=\"my-section\">\n<h4>Lietot\u0101ju datu dro\u0161\u012bba<\/h4>\n<p class=\"main-txt\">SIA Novusa galds ir interneta veikala <strong>novusagalds.lv<\/strong> \u012bpa\u0161nieks.<br \/>\nM\u0113s nodro\u0161in\u0101m personas datu dro\u0161\u012bbu un nepie\u013caujam to nepamatotu nok\u013c\u016b\u0161anu tre\u0161o personu r\u012bc\u012bb\u0101.<\/p>\n<\/div>\n<div class=\"my-section\">\n<h4>Personas datu apstr\u0101de<\/h4>\n<ul>\n<li><strong>Datu ieg\u016b\u0161ana:<\/strong>\n<ul>\n<li>Tie\u0161\u0101 veid\u0101 (v\u0101rds, uzv\u0101rds, t\u0101lru\u0146a numurs, e\u2011pasts)<\/li>\n<li>Netie\u0161i (s\u012bkdatnes un tehniskie l\u012bdzek\u013ci)<\/li>\n<\/ul>\n<\/li>\n<li><strong>Apstr\u0101des principi:<\/strong> saska\u0146\u0101 ar Latvijas ties\u012bbu aktiem un GDPR.<\/li>\n<li><strong>Pirc\u0113ja piekri\u0161ana:<\/strong> ieg\u0101d\u0101joties preces\/pakalpojumus, Pirc\u0113js piekr\u012bt datu apstr\u0101dei.<\/li>\n<li><strong>Apstr\u0101des m\u0113r\u0137i:<\/strong>\n<ul>\n<li>Pas\u016bt\u012bjumu un l\u012bgumu izpilde<\/li>\n<li>Pirc\u0113ju identific\u0113\u0161ana un uzskaite<\/li>\n<li>Komerci\u0101lo pazi\u0146ojumu s\u016bt\u012b\u0161ana<\/li>\n<li>L\u012bguma saist\u012bbu izpilde<\/li>\n<li>Pieteikumu izskat\u012b\u0161ana par nomaksu<\/li>\n<\/ul>\n<\/li>\n<li><strong>Datu nodo\u0161ana:<\/strong> tikai partneriem pieg\u0101dei, finans\u0113\u0161anai un pakalpojumiem.<\/li>\n<li><strong>Pirc\u0113ja ties\u012bbas:<\/strong> piepras\u012bt datu labo\u0161anu, dz\u0113\u0161anu vai apstr\u0101des p\u0101rtrauk\u0161anu (rakstot uz <a href=\"mailto:info@novusagalds.lv\">info@novusagalds.lv<\/a>).<\/li>\n<li><strong>Glab\u0101\u0161anas termi\u0146\u0161:<\/strong> ne ilg\u0101k k\u0101 to nosaka normat\u012bvie akti.<\/li>\n<\/ul>\n<\/div>\n<div class=\"my-section\">\n<h4>S\u012bkdatnes<\/h4>\n<p class=\"main-txt\">Inform\u0101cija par apmekl\u0113t\u0101jiem tiek apstr\u0101d\u0101ta atbilsto\u0161i ieguves m\u0113r\u0137im. Papildus tiek iev\u0101kta inform\u0101cija no piek\u013cuves failiem (IP adrese, apl\u016bkot\u0101s sada\u013cas, preces).<\/p>\n<h4>S\u012bkdat\u0146u veidi:<\/h4>\n<ul>\n<li>Sesijas s\u012bkdatnes \u2013 pagaidu faili, dz\u0113\u0161as p\u0113c p\u0101rl\u016bka aizv\u0113r\u0161anas.<\/li>\n<li>Past\u0101v\u012bgie s\u012bkfaili \u2013 glab\u0101jas noteiktu laiku, atceras lietot\u0101ja iestat\u012bjumus.<\/li>\n<li>Tre\u0161\u0101s puses s\u012bkdatnes \u2013 statistikai un rekl\u0101mas piel\u0101go\u0161anai.<\/li>\n<\/ul>\n<h4>S\u012bkdat\u0146u izmanto\u0161anas m\u0113r\u0137i:<\/h4>\n<ul>\n<li>Vietnes piel\u0101go\u0161ana lietot\u0101ju v\u0113lm\u0113m<\/li>\n<li>Vietnes izmanto\u0161anas optimiz\u0101cija<\/li>\n<li>Rekl\u0101mas un m\u0101rketinga piel\u0101go\u0161ana<\/li>\n<li>Statistikas veido\u0161ana par apmekl\u0113t\u0101jiem<\/li>\n<\/ul>\n<p class=\"main-txt\">S\u012bkdatnes nav oblig\u0101tas, ta\u010du t\u0101s uzlabo vietnes funkcionalit\u0101ti. Lietot\u0101js var main\u012bt p\u0101rl\u016bka iestat\u012bjumus vai dz\u0113st s\u012bkdatnes, ta\u010du tas var ierobe\u017eot da\u017eas funkcijas.<\/p>\n<\/div>\n<p>[\/vc_column_text][\/vc_column][\/vc_row]<\/p>\n<\/div>","protected":false},"excerpt":{"rendered":"<p>[vc_row el_class=&#8221;my-wrap&#8221;][vc_column][vc_column_text css=&#8221;&#8221;] SIA Novusa galds Priv\u0101tuma politika SIA Novusa galds (re\u0123.nr. 40203619756, juridisk\u0101 adrese: Siguldas iela 19 \u2013 15, Liep\u0101ja, LV\u20113416 [&hellip;]<\/p>\n","protected":false},"author":1,"featured_media":0,"parent":0,"menu_order":0,"comment_status":"closed","ping_status":"closed","template":"","meta":{"footnotes":""},"class_list":["post-7425","page","type-page","status-publish","hentry"],"yoast_head":"<!-- This site is optimized with the Yoast SEO Premium plugin v27.1 (Yoast SEO v27.1.1) - https:\/\/yoast.com\/product\/yoast-seo-premium-wordpress\/ -->\n<title>Privacy Policy - Novusa galds<\/title>\n<meta name=\"robots\" content=\"index, follow, max-snippet:-1, max-image-preview:large, max-video-preview:-1\" \/>\n<link rel=\"canonical\" href=\"https:\/\/novusagalds.lv\/en\/privacy-policy\/\" \/>\n<meta property=\"og:locale\" content=\"en_US\" \/>\n<meta property=\"og:type\" content=\"article\" \/>\n<meta property=\"og:title\" content=\"Privacy Policy\" \/>\n<meta property=\"og:description\" content=\"[vc_row el_class=&#8221;my-wrap&#8221;][vc_column][vc_column_text css=&#8221;&#8221;] SIA Novusa galds Priv\u0101tuma politika SIA Novusa galds (re\u0123.nr. 40203619756, juridisk\u0101 adrese: Siguldas iela 19 \u2013 15, Liep\u0101ja, LV\u20113416 [&hellip;]\" \/>\n<meta property=\"og:url\" content=\"https:\/\/novusagalds.lv\/en\/privacy-policy\/\" \/>\n<meta property=\"og:site_name\" content=\"Novusa galds\" \/>\n<meta property=\"article:modified_time\" content=\"2025-11-27T21:44:26+00:00\" \/>\n<meta name=\"twitter:card\" content=\"summary_large_image\" \/>\n<meta name=\"twitter:label1\" content=\"Est. reading time\" \/>\n\t<meta name=\"twitter:data1\" content=\"2 minutes\" \/>\n<script type=\"application\/ld+json\" class=\"yoast-schema-graph\">{\"@context\":\"https:\/\/schema.org\",\"@graph\":[{\"@type\":\"WebPage\",\"@id\":\"https:\/\/novusagalds.lv\/en\/privacy-policy\/\",\"url\":\"https:\/\/novusagalds.lv\/en\/privacy-policy\/\",\"name\":\"Privacy Policy - Novusa galds\",\"isPartOf\":{\"@id\":\"https:\/\/novusagalds.lv\/en\/#website\"},\"datePublished\":\"2025-11-27T19:57:20+00:00\",\"dateModified\":\"2025-11-27T21:44:26+00:00\",\"breadcrumb\":{\"@id\":\"https:\/\/novusagalds.lv\/en\/privacy-policy\/#breadcrumb\"},\"inLanguage\":\"en-US\",\"potentialAction\":[{\"@type\":\"ReadAction\",\"target\":[\"https:\/\/novusagalds.lv\/en\/privacy-policy\/\"]}]},{\"@type\":\"BreadcrumbList\",\"@id\":\"https:\/\/novusagalds.lv\/en\/privacy-policy\/#breadcrumb\",\"itemListElement\":[{\"@type\":\"ListItem\",\"position\":1,\"name\":\"Home\",\"item\":\"https:\/\/novusagalds.lv\/en\/\"},{\"@type\":\"ListItem\",\"position\":2,\"name\":\"Privacy Policy\"}]},{\"@type\":\"WebSite\",\"@id\":\"https:\/\/novusagalds.lv\/en\/#website\",\"url\":\"https:\/\/novusagalds.lv\/en\/\",\"name\":\"Novusa galds\",\"description\":\"In our store, you will find everything you need for an exciting game of Novus: professional and amateur tables, cues, chips, accessories, and maintenance products. High quality, affordable prices, and delivery across the Baltic region. Start your game with us!\",\"potentialAction\":[{\"@type\":\"SearchAction\",\"target\":{\"@type\":\"EntryPoint\",\"urlTemplate\":\"https:\/\/novusagalds.lv\/en\/?s={search_term_string}\"},\"query-input\":{\"@type\":\"PropertyValueSpecification\",\"valueRequired\":true,\"valueName\":\"search_term_string\"}}],\"inLanguage\":\"en-US\"}]}<\/script>\n<!-- \/ Yoast SEO Premium plugin. -->","yoast_head_json":{"title":"Privacy Policy - Novusa galds","robots":{"index":"index","follow":"follow","max-snippet":"max-snippet:-1","max-image-preview":"max-image-preview:large","max-video-preview":"max-video-preview:-1"},"canonical":"https:\/\/novusagalds.lv\/en\/privacy-policy\/","og_locale":"en_US","og_type":"article","og_title":"Privacy Policy","og_description":"[vc_row el_class=&#8221;my-wrap&#8221;][vc_column][vc_column_text css=&#8221;&#8221;] SIA Novusa galds Priv\u0101tuma politika SIA Novusa galds (re\u0123.nr. 40203619756, juridisk\u0101 adrese: Siguldas iela 19 \u2013 15, Liep\u0101ja, LV\u20113416 [&hellip;]","og_url":"https:\/\/novusagalds.lv\/en\/privacy-policy\/","og_site_name":"Novusa galds","article_modified_time":"2025-11-27T21:44:26+00:00","twitter_card":"summary_large_image","twitter_misc":{"Est. reading time":"2 minutes"},"schema":{"@context":"https:\/\/schema.org","@graph":[{"@type":"WebPage","@id":"https:\/\/novusagalds.lv\/en\/privacy-policy\/","url":"https:\/\/novusagalds.lv\/en\/privacy-policy\/","name":"Privacy Policy - Novusa galds","isPartOf":{"@id":"https:\/\/novusagalds.lv\/en\/#website"},"datePublished":"2025-11-27T19:57:20+00:00","dateModified":"2025-11-27T21:44:26+00:00","breadcrumb":{"@id":"https:\/\/novusagalds.lv\/en\/privacy-policy\/#breadcrumb"},"inLanguage":"en-US","potentialAction":[{"@type":"ReadAction","target":["https:\/\/novusagalds.lv\/en\/privacy-policy\/"]}]},{"@type":"BreadcrumbList","@id":"https:\/\/novusagalds.lv\/en\/privacy-policy\/#breadcrumb","itemListElement":[{"@type":"ListItem","position":1,"name":"Home","item":"https:\/\/novusagalds.lv\/en\/"},{"@type":"ListItem","position":2,"name":"Privacy Policy"}]},{"@type":"WebSite","@id":"https:\/\/novusagalds.lv\/en\/#website","url":"https:\/\/novusagalds.lv\/en\/","name":"Novusa galds","description":"In our store, you will find everything you need for an exciting game of Novus: professional and amateur tables, cues, chips, accessories, and maintenance products. High quality, affordable prices, and delivery across the Baltic region. Start your game with us!","potentialAction":[{"@type":"SearchAction","target":{"@type":"EntryPoint","urlTemplate":"https:\/\/novusagalds.lv\/en\/?s={search_term_string}"},"query-input":{"@type":"PropertyValueSpecification","valueRequired":true,"valueName":"search_term_string"}}],"inLanguage":"en-US"}]}},"_links":{"self":[{"href":"https:\/\/novusagalds.lv\/en\/wp-json\/wp\/v2\/pages\/7425","targetHints":{"allow":["GET"]}}],"collection":[{"href":"https:\/\/novusagalds.lv\/en\/wp-json\/wp\/v2\/pages"}],"about":[{"href":"https:\/\/novusagalds.lv\/en\/wp-json\/wp\/v2\/types\/page"}],"author":[{"embeddable":true,"href":"https:\/\/novusagalds.lv\/en\/wp-json\/wp\/v2\/users\/1"}],"replies":[{"embeddable":true,"href":"https:\/\/novusagalds.lv\/en\/wp-json\/wp\/v2\/comments?post=7425"}],"version-history":[{"count":1,"href":"https:\/\/novusagalds.lv\/en\/wp-json\/wp\/v2\/pages\/7425\/revisions"}],"predecessor-version":[{"id":7429,"href":"https:\/\/novusagalds.lv\/en\/wp-json\/wp\/v2\/pages\/7425\/revisions\/7429"}],"wp:attachment":[{"href":"https:\/\/novusagalds.lv\/en\/wp-json\/wp\/v2\/media?parent=7425"}],"curies":[{"name":"wp","href":"https:\/\/api.w.org\/{rel}","templated":true}]}}