{"id":6113,"date":"2025-03-14T16:51:25","date_gmt":"2025-03-14T14:51:25","guid":{"rendered":"https:\/\/novusagalds.lv\/shop\/uncategorized\/liela-ripa-lnf-22g-ipe-koks\/"},"modified":"2025-03-23T14:22:25","modified_gmt":"2025-03-23T12:22:25","slug":"novuss-game-strike-lnf-22g-ipe-wood","status":"publish","type":"product","link":"https:\/\/novusagalds.lv\/en\/shop\/novus-pucks\/novuss-game-strike-lnf-22g-ipe-wood\/","title":{"rendered":"Novuss game strike, LNF, 22g, Ipe wood"},"content":{"rendered":"<p>LNF seal, complies with the maximum allowable weight according to the standards of the Latvian Novus Federation<br \/>\nMaterial &#8211; Ipe wood, especially dense<br \/>\nColor &#8211; dark brown<br \/>\nWeight &#8211; 22g<\/p>\n","protected":false},"excerpt":{"rendered":"<p>LNF seal, complies with the maximum allowable weight according to the standards of the Latvian Novus Federation Material &#8211; Ipe wood, especially [&hellip;]<\/p>\n","protected":false},"featured_media":6546,"template":"","meta":[],"product_brand":[],"product_cat":[257],"product_tag":[],"class_list":{"0":"post-6113","1":"product","2":"type-product","3":"status-publish","4":"has-post-thumbnail","6":"product_cat-novus-pucks","7":"product_shipping_class-pakomats-s-en","9":"first","10":"outofstock","11":"purchasable","12":"product-type-simple"},"yoast_head":"<!-- This site is optimized with the Yoast SEO Premium plugin v27.1 (Yoast SEO v27.1.1) - https:\/\/yoast.com\/product\/yoast-seo-premium-wordpress\/ -->\n<title>Novuss game strike, LNF, 22g, Ipe wood - Novusa galds<\/title>\n<meta name=\"description\" content=\"28.00EUR, Svars 22g, LNF z\u012bmogs, atbilst maksim\u0101li pie\u013caujamam svaram p\u0113c LNF standartiem Materi\u0101ls - Ipe koks \u012bpa\u0161i bl\u012bvs, Kr\u0101sa - tum\u0161i br\u016bna\" \/>\n<meta name=\"robots\" content=\"index, follow, max-snippet:-1, max-image-preview:large, max-video-preview:-1\" \/>\n<link rel=\"canonical\" href=\"https:\/\/novusagalds.lv\/en\/shop\/novus-pucks\/novuss-game-strike-lnf-22g-ipe-wood\/\" \/>\n<meta property=\"og:locale\" content=\"en_US\" \/>\n<meta property=\"og:type\" content=\"article\" \/>\n<meta property=\"og:title\" content=\"Novuss game strike, LNF, 22g, Ipe wood\" \/>\n<meta property=\"og:description\" content=\"28.00EUR, Svars 22g, LNF z\u012bmogs, atbilst maksim\u0101li pie\u013caujamam svaram p\u0113c LNF standartiem Materi\u0101ls - Ipe koks \u012bpa\u0161i bl\u012bvs, Kr\u0101sa - tum\u0161i br\u016bna\" \/>\n<meta property=\"og:url\" content=\"https:\/\/novusagalds.lv\/en\/shop\/novus-pucks\/novuss-game-strike-lnf-22g-ipe-wood\/\" \/>\n<meta property=\"og:site_name\" content=\"Novusa galds\" \/>\n<meta property=\"article:modified_time\" content=\"2025-03-23T12:22:25+00:00\" \/>\n<meta property=\"og:image\" content=\"https:\/\/novusagalds.lv\/wp-content\/uploads\/2025\/03\/IMG_20240308_1524418-scaled-1.jpg\" \/>\n\t<meta property=\"og:image:width\" content=\"1707\" \/>\n\t<meta property=\"og:image:height\" content=\"2560\" \/>\n\t<meta property=\"og:image:type\" content=\"image\/jpeg\" \/>\n<meta name=\"twitter:card\" content=\"summary_large_image\" \/>\n<meta name=\"twitter:label1\" content=\"Est. reading time\" \/>\n\t<meta name=\"twitter:data1\" content=\"4 minutes\" \/>\n<script type=\"application\/ld+json\" class=\"yoast-schema-graph\">{\"@context\":\"https:\/\/schema.org\",\"@graph\":[{\"@type\":\"WebPage\",\"@id\":\"https:\/\/novusagalds.lv\/en\/shop\/novus-pucks\/novuss-game-strike-lnf-22g-ipe-wood\/\",\"url\":\"https:\/\/novusagalds.lv\/en\/shop\/novus-pucks\/novuss-game-strike-lnf-22g-ipe-wood\/\",\"name\":\"Novuss game strike, LNF, 22g, Ipe wood - Novusa galds\",\"isPartOf\":{\"@id\":\"https:\/\/novusagalds.lv\/en\/#website\"},\"primaryImageOfPage\":{\"@id\":\"https:\/\/novusagalds.lv\/en\/shop\/novus-pucks\/novuss-game-strike-lnf-22g-ipe-wood\/#primaryimage\"},\"image\":{\"@id\":\"https:\/\/novusagalds.lv\/en\/shop\/novus-pucks\/novuss-game-strike-lnf-22g-ipe-wood\/#primaryimage\"},\"thumbnailUrl\":\"https:\/\/novusagalds.lv\/wp-content\/uploads\/2025\/03\/Ipe.jpg\",\"datePublished\":\"2025-03-14T14:51:25+00:00\",\"dateModified\":\"2025-03-23T12:22:25+00:00\",\"description\":\"28.00EUR, Svars 22g, LNF z\u012bmogs, atbilst maksim\u0101li pie\u013caujamam svaram p\u0113c LNF standartiem Materi\u0101ls - Ipe koks \u012bpa\u0161i bl\u012bvs, Kr\u0101sa - tum\u0161i br\u016bna\",\"breadcrumb\":{\"@id\":\"https:\/\/novusagalds.lv\/en\/shop\/novus-pucks\/novuss-game-strike-lnf-22g-ipe-wood\/#breadcrumb\"},\"inLanguage\":\"en-US\",\"potentialAction\":[{\"@type\":\"ReadAction\",\"target\":[\"https:\/\/novusagalds.lv\/en\/shop\/novus-pucks\/novuss-game-strike-lnf-22g-ipe-wood\/\"]}]},{\"@type\":\"ImageObject\",\"inLanguage\":\"en-US\",\"@id\":\"https:\/\/novusagalds.lv\/en\/shop\/novus-pucks\/novuss-game-strike-lnf-22g-ipe-wood\/#primaryimage\",\"url\":\"https:\/\/novusagalds.lv\/wp-content\/uploads\/2025\/03\/Ipe.jpg\",\"contentUrl\":\"https:\/\/novusagalds.lv\/wp-content\/uploads\/2025\/03\/Ipe.jpg\",\"width\":1000,\"height\":1000},{\"@type\":\"BreadcrumbList\",\"@id\":\"https:\/\/novusagalds.lv\/en\/shop\/novus-pucks\/novuss-game-strike-lnf-22g-ipe-wood\/#breadcrumb\",\"itemListElement\":[{\"@type\":\"ListItem\",\"position\":1,\"name\":\"Home\",\"item\":\"https:\/\/novusagalds.lv\/en\/\"},{\"@type\":\"ListItem\",\"position\":2,\"name\":\"Shop\",\"item\":\"https:\/\/novusagalds.lv\/en\/shop\/\"},{\"@type\":\"ListItem\",\"position\":3,\"name\":\"Novuss game strike, LNF, 22g, Ipe wood\"}]},{\"@type\":\"WebSite\",\"@id\":\"https:\/\/novusagalds.lv\/en\/#website\",\"url\":\"https:\/\/novusagalds.lv\/en\/\",\"name\":\"Novusa galds\",\"description\":\"In our store, you will find everything you need for an exciting game of Novus: professional and amateur tables, cues, chips, accessories, and maintenance products. High quality, affordable prices, and delivery across the Baltic region. Start your game with us!\",\"potentialAction\":[{\"@type\":\"SearchAction\",\"target\":{\"@type\":\"EntryPoint\",\"urlTemplate\":\"https:\/\/novusagalds.lv\/en\/?s={search_term_string}\"},\"query-input\":{\"@type\":\"PropertyValueSpecification\",\"valueRequired\":true,\"valueName\":\"search_term_string\"}}],\"inLanguage\":\"en-US\"}]}<\/script>\n<!-- \/ Yoast SEO Premium plugin. -->","yoast_head_json":{"title":"Novuss game strike, LNF, 22g, Ipe wood - Novusa galds","description":"28.00EUR, Svars 22g, LNF z\u012bmogs, atbilst maksim\u0101li pie\u013caujamam svaram p\u0113c LNF standartiem Materi\u0101ls - Ipe koks \u012bpa\u0161i bl\u012bvs, Kr\u0101sa - tum\u0161i br\u016bna","robots":{"index":"index","follow":"follow","max-snippet":"max-snippet:-1","max-image-preview":"max-image-preview:large","max-video-preview":"max-video-preview:-1"},"canonical":"https:\/\/novusagalds.lv\/en\/shop\/novus-pucks\/novuss-game-strike-lnf-22g-ipe-wood\/","og_locale":"en_US","og_type":"article","og_title":"Novuss game strike, LNF, 22g, Ipe wood","og_description":"28.00EUR, Svars 22g, LNF z\u012bmogs, atbilst maksim\u0101li pie\u013caujamam svaram p\u0113c LNF standartiem Materi\u0101ls - Ipe koks \u012bpa\u0161i bl\u012bvs, Kr\u0101sa - tum\u0161i br\u016bna","og_url":"https:\/\/novusagalds.lv\/en\/shop\/novus-pucks\/novuss-game-strike-lnf-22g-ipe-wood\/","og_site_name":"Novusa galds","article_modified_time":"2025-03-23T12:22:25+00:00","og_image":[{"width":1707,"height":2560,"url":"https:\/\/novusagalds.lv\/wp-content\/uploads\/2025\/03\/IMG_20240308_1524418-scaled-1.jpg","type":"image\/jpeg"}],"twitter_card":"summary_large_image","twitter_misc":{"Est. reading time":"4 minutes"},"schema":{"@context":"https:\/\/schema.org","@graph":[{"@type":"WebPage","@id":"https:\/\/novusagalds.lv\/en\/shop\/novus-pucks\/novuss-game-strike-lnf-22g-ipe-wood\/","url":"https:\/\/novusagalds.lv\/en\/shop\/novus-pucks\/novuss-game-strike-lnf-22g-ipe-wood\/","name":"Novuss game strike, LNF, 22g, Ipe wood - Novusa galds","isPartOf":{"@id":"https:\/\/novusagalds.lv\/en\/#website"},"primaryImageOfPage":{"@id":"https:\/\/novusagalds.lv\/en\/shop\/novus-pucks\/novuss-game-strike-lnf-22g-ipe-wood\/#primaryimage"},"image":{"@id":"https:\/\/novusagalds.lv\/en\/shop\/novus-pucks\/novuss-game-strike-lnf-22g-ipe-wood\/#primaryimage"},"thumbnailUrl":"https:\/\/novusagalds.lv\/wp-content\/uploads\/2025\/03\/Ipe.jpg","datePublished":"2025-03-14T14:51:25+00:00","dateModified":"2025-03-23T12:22:25+00:00","description":"28.00EUR, Svars 22g, LNF z\u012bmogs, atbilst maksim\u0101li pie\u013caujamam svaram p\u0113c LNF standartiem Materi\u0101ls - Ipe koks \u012bpa\u0161i bl\u012bvs, Kr\u0101sa - tum\u0161i br\u016bna","breadcrumb":{"@id":"https:\/\/novusagalds.lv\/en\/shop\/novus-pucks\/novuss-game-strike-lnf-22g-ipe-wood\/#breadcrumb"},"inLanguage":"en-US","potentialAction":[{"@type":"ReadAction","target":["https:\/\/novusagalds.lv\/en\/shop\/novus-pucks\/novuss-game-strike-lnf-22g-ipe-wood\/"]}]},{"@type":"ImageObject","inLanguage":"en-US","@id":"https:\/\/novusagalds.lv\/en\/shop\/novus-pucks\/novuss-game-strike-lnf-22g-ipe-wood\/#primaryimage","url":"https:\/\/novusagalds.lv\/wp-content\/uploads\/2025\/03\/Ipe.jpg","contentUrl":"https:\/\/novusagalds.lv\/wp-content\/uploads\/2025\/03\/Ipe.jpg","width":1000,"height":1000},{"@type":"BreadcrumbList","@id":"https:\/\/novusagalds.lv\/en\/shop\/novus-pucks\/novuss-game-strike-lnf-22g-ipe-wood\/#breadcrumb","itemListElement":[{"@type":"ListItem","position":1,"name":"Home","item":"https:\/\/novusagalds.lv\/en\/"},{"@type":"ListItem","position":2,"name":"Shop","item":"https:\/\/novusagalds.lv\/en\/shop\/"},{"@type":"ListItem","position":3,"name":"Novuss game strike, LNF, 22g, Ipe wood"}]},{"@type":"WebSite","@id":"https:\/\/novusagalds.lv\/en\/#website","url":"https:\/\/novusagalds.lv\/en\/","name":"Novusa galds","description":"In our store, you will find everything you need for an exciting game of Novus: professional and amateur tables, cues, chips, accessories, and maintenance products. High quality, affordable prices, and delivery across the Baltic region. Start your game with us!","potentialAction":[{"@type":"SearchAction","target":{"@type":"EntryPoint","urlTemplate":"https:\/\/novusagalds.lv\/en\/?s={search_term_string}"},"query-input":{"@type":"PropertyValueSpecification","valueRequired":true,"valueName":"search_term_string"}}],"inLanguage":"en-US"}]}},"_links":{"self":[{"href":"https:\/\/novusagalds.lv\/en\/wp-json\/wp\/v2\/product\/6113","targetHints":{"allow":["GET"]}}],"collection":[{"href":"https:\/\/novusagalds.lv\/en\/wp-json\/wp\/v2\/product"}],"about":[{"href":"https:\/\/novusagalds.lv\/en\/wp-json\/wp\/v2\/types\/product"}],"wp:featuredmedia":[{"embeddable":true,"href":"https:\/\/novusagalds.lv\/en\/wp-json\/wp\/v2\/media\/6546"}],"wp:attachment":[{"href":"https:\/\/novusagalds.lv\/en\/wp-json\/wp\/v2\/media?parent=6113"}],"wp:term":[{"taxonomy":"product_brand","embeddable":true,"href":"https:\/\/novusagalds.lv\/en\/wp-json\/wp\/v2\/product_brand?post=6113"},{"taxonomy":"product_cat","embeddable":true,"href":"https:\/\/novusagalds.lv\/en\/wp-json\/wp\/v2\/product_cat?post=6113"},{"taxonomy":"product_tag","embeddable":true,"href":"https:\/\/novusagalds.lv\/en\/wp-json\/wp\/v2\/product_tag?post=6113"}],"curies":[{"name":"wp","href":"https:\/\/api.w.org\/{rel}","templated":true}]}}