{"id":6122,"date":"2025-03-14T16:50:44","date_gmt":"2025-03-14T14:50:44","guid":{"rendered":"https:\/\/novusagalds.lv\/shop\/uncategorized\/novuss-pro-sport-komplekts\/"},"modified":"2026-02-16T15:42:05","modified_gmt":"2026-02-16T13:42:05","slug":"novuss-pro-sport-set","status":"publish","type":"product","link":"https:\/\/novusagalds.lv\/en\/shop\/novus-tables\/novus-professional-tables\/novuss-pro-sport-set\/","title":{"rendered":"Novuss PRO Sport set"},"content":{"rendered":"<p>Novuss Table PRO Sport, designed for Novuss clubs and tournaments, complies with LNF regulations.<br \/>\nThe construction is suitable for daily use in schools, bars, restaurants, private homes, and other locations where disassembly of the table is not required regularly. Playing Novuss on the PRO table provides the greatest satisfaction and the highest game quality.<\/p>\n<p>&#8211; Outer dimensions: 109 cm x 109 cm.<br \/>\n&#8211; Playing surface: 18 mm plywood, unpainted, lacquered five times, polished.<br \/>\n&#8211; Borders: 60 mm x 45 mm.<br \/>\n&#8211; Adjustable table height: 75\u201378 cm.<br \/>\n&#8211; Weight: 30 kg.<\/p>\n<p>Included in the set:<br \/>\n&#8211; Novuss playing surface PRO.<br \/>\n&#8211; Novuss table legs PRO.<\/p>\n<p>Novuss cues and Novuss pucks are not included in the set and must be ordered separately.<br \/>\nNovuss cues can be purchased on our website, with various sizes ranging from 1.1 m to 1.3 m. The selection includes birch, ash, or beech wood options.<\/p>\n<p>Price for the Novuss Table PRO Sport: 320 EUR.<br \/>\nMade in Latvia.<\/p>\n","protected":false},"excerpt":{"rendered":"<p>Novuss Table PRO Sport, designed for Novuss clubs and tournaments, complies with LNF regulations. The construction is suitable for daily use in [&hellip;]<\/p>\n","protected":false},"featured_media":6590,"template":"","meta":[],"product_brand":[],"product_cat":[270],"product_tag":[],"class_list":{"0":"post-6122","1":"product","2":"type-product","3":"status-publish","4":"has-post-thumbnail","6":"product_cat-novus-professional-tables","7":"product_shipping_class-novusa-galdi-en","9":"first","10":"instock","11":"featured","12":"purchasable","13":"product-type-simple"},"yoast_head":"<!-- This site is optimized with the Yoast SEO Premium plugin v27.1 (Yoast SEO v27.1.1) - https:\/\/yoast.com\/product\/yoast-seo-premium-wordpress\/ -->\n<title>Novuss PRO Sport set - Novusa galds<\/title>\n<meta name=\"description\" content=\"320EUR, atbilst LNF noteikumiem, Bezmaksas pieg\u0101de R\u012bg\u0101, Komplekt\u0101 novusa virsma PRO Sport un k\u0101jas PRO br\u016bn\u0101s, Svars 30kg, virsmas biezums 18mm\" \/>\n<meta name=\"robots\" content=\"index, follow, max-snippet:-1, max-image-preview:large, max-video-preview:-1\" \/>\n<link rel=\"canonical\" href=\"https:\/\/novusagalds.lv\/en\/shop\/novus-tables\/novus-professional-tables\/novuss-pro-sport-set\/\" \/>\n<meta property=\"og:locale\" content=\"en_US\" \/>\n<meta property=\"og:type\" content=\"article\" \/>\n<meta property=\"og:title\" content=\"Novuss PRO Sport set\" \/>\n<meta property=\"og:description\" content=\"320EUR, atbilst LNF noteikumiem, Bezmaksas pieg\u0101de R\u012bg\u0101, Komplekt\u0101 novusa virsma PRO Sport un k\u0101jas PRO br\u016bn\u0101s, Svars 30kg, virsmas biezums 18mm\" \/>\n<meta property=\"og:url\" content=\"https:\/\/novusagalds.lv\/en\/shop\/novus-tables\/novus-professional-tables\/novuss-pro-sport-set\/\" \/>\n<meta property=\"og:site_name\" content=\"Novusa galds\" \/>\n<meta property=\"article:modified_time\" content=\"2026-02-16T13:42:05+00:00\" \/>\n<meta property=\"og:image\" content=\"https:\/\/novusagalds.lv\/wp-content\/uploads\/2025\/03\/1-14.jpg\" \/>\n\t<meta property=\"og:image:width\" content=\"1000\" \/>\n\t<meta property=\"og:image:height\" content=\"1000\" \/>\n\t<meta property=\"og:image:type\" content=\"image\/jpeg\" \/>\n<meta name=\"twitter:card\" content=\"summary_large_image\" \/>\n<meta name=\"twitter:label1\" content=\"Est. reading time\" \/>\n\t<meta name=\"twitter:data1\" content=\"2 minutes\" \/>\n<script type=\"application\/ld+json\" class=\"yoast-schema-graph\">{\"@context\":\"https:\/\/schema.org\",\"@graph\":[{\"@type\":\"WebPage\",\"@id\":\"https:\/\/novusagalds.lv\/en\/shop\/novus-tables\/novus-professional-tables\/novuss-pro-sport-set\/\",\"url\":\"https:\/\/novusagalds.lv\/en\/shop\/novus-tables\/novus-professional-tables\/novuss-pro-sport-set\/\",\"name\":\"Novuss PRO Sport set - Novusa galds\",\"isPartOf\":{\"@id\":\"https:\/\/novusagalds.lv\/en\/#website\"},\"primaryImageOfPage\":{\"@id\":\"https:\/\/novusagalds.lv\/en\/shop\/novus-tables\/novus-professional-tables\/novuss-pro-sport-set\/#primaryimage\"},\"image\":{\"@id\":\"https:\/\/novusagalds.lv\/en\/shop\/novus-tables\/novus-professional-tables\/novuss-pro-sport-set\/#primaryimage\"},\"thumbnailUrl\":\"https:\/\/novusagalds.lv\/wp-content\/uploads\/2025\/03\/1-14.jpg\",\"datePublished\":\"2025-03-14T14:50:44+00:00\",\"dateModified\":\"2026-02-16T13:42:05+00:00\",\"description\":\"320EUR, atbilst LNF noteikumiem, Bezmaksas pieg\u0101de R\u012bg\u0101, Komplekt\u0101 novusa virsma PRO Sport un k\u0101jas PRO br\u016bn\u0101s, Svars 30kg, virsmas biezums 18mm\",\"breadcrumb\":{\"@id\":\"https:\/\/novusagalds.lv\/en\/shop\/novus-tables\/novus-professional-tables\/novuss-pro-sport-set\/#breadcrumb\"},\"inLanguage\":\"en-US\",\"potentialAction\":[{\"@type\":\"ReadAction\",\"target\":[\"https:\/\/novusagalds.lv\/en\/shop\/novus-tables\/novus-professional-tables\/novuss-pro-sport-set\/\"]}]},{\"@type\":\"ImageObject\",\"inLanguage\":\"en-US\",\"@id\":\"https:\/\/novusagalds.lv\/en\/shop\/novus-tables\/novus-professional-tables\/novuss-pro-sport-set\/#primaryimage\",\"url\":\"https:\/\/novusagalds.lv\/wp-content\/uploads\/2025\/03\/1-14.jpg\",\"contentUrl\":\"https:\/\/novusagalds.lv\/wp-content\/uploads\/2025\/03\/1-14.jpg\",\"width\":1000,\"height\":1000},{\"@type\":\"BreadcrumbList\",\"@id\":\"https:\/\/novusagalds.lv\/en\/shop\/novus-tables\/novus-professional-tables\/novuss-pro-sport-set\/#breadcrumb\",\"itemListElement\":[{\"@type\":\"ListItem\",\"position\":1,\"name\":\"Home\",\"item\":\"https:\/\/novusagalds.lv\/en\/\"},{\"@type\":\"ListItem\",\"position\":2,\"name\":\"Shop\",\"item\":\"https:\/\/novusagalds.lv\/en\/shop\/\"},{\"@type\":\"ListItem\",\"position\":3,\"name\":\"Novuss PRO Sport set\"}]},{\"@type\":\"WebSite\",\"@id\":\"https:\/\/novusagalds.lv\/en\/#website\",\"url\":\"https:\/\/novusagalds.lv\/en\/\",\"name\":\"Novusa galds\",\"description\":\"In our store, you will find everything you need for an exciting game of Novus: professional and amateur tables, cues, chips, accessories, and maintenance products. High quality, affordable prices, and delivery across the Baltic region. Start your game with us!\",\"potentialAction\":[{\"@type\":\"SearchAction\",\"target\":{\"@type\":\"EntryPoint\",\"urlTemplate\":\"https:\/\/novusagalds.lv\/en\/?s={search_term_string}\"},\"query-input\":{\"@type\":\"PropertyValueSpecification\",\"valueRequired\":true,\"valueName\":\"search_term_string\"}}],\"inLanguage\":\"en-US\"}]}<\/script>\n<!-- \/ Yoast SEO Premium plugin. -->","yoast_head_json":{"title":"Novuss PRO Sport set - Novusa galds","description":"320EUR, atbilst LNF noteikumiem, Bezmaksas pieg\u0101de R\u012bg\u0101, Komplekt\u0101 novusa virsma PRO Sport un k\u0101jas PRO br\u016bn\u0101s, Svars 30kg, virsmas biezums 18mm","robots":{"index":"index","follow":"follow","max-snippet":"max-snippet:-1","max-image-preview":"max-image-preview:large","max-video-preview":"max-video-preview:-1"},"canonical":"https:\/\/novusagalds.lv\/en\/shop\/novus-tables\/novus-professional-tables\/novuss-pro-sport-set\/","og_locale":"en_US","og_type":"article","og_title":"Novuss PRO Sport set","og_description":"320EUR, atbilst LNF noteikumiem, Bezmaksas pieg\u0101de R\u012bg\u0101, Komplekt\u0101 novusa virsma PRO Sport un k\u0101jas PRO br\u016bn\u0101s, Svars 30kg, virsmas biezums 18mm","og_url":"https:\/\/novusagalds.lv\/en\/shop\/novus-tables\/novus-professional-tables\/novuss-pro-sport-set\/","og_site_name":"Novusa galds","article_modified_time":"2026-02-16T13:42:05+00:00","og_image":[{"width":1000,"height":1000,"url":"https:\/\/novusagalds.lv\/wp-content\/uploads\/2025\/03\/1-14.jpg","type":"image\/jpeg"}],"twitter_card":"summary_large_image","twitter_misc":{"Est. reading time":"2 minutes"},"schema":{"@context":"https:\/\/schema.org","@graph":[{"@type":"WebPage","@id":"https:\/\/novusagalds.lv\/en\/shop\/novus-tables\/novus-professional-tables\/novuss-pro-sport-set\/","url":"https:\/\/novusagalds.lv\/en\/shop\/novus-tables\/novus-professional-tables\/novuss-pro-sport-set\/","name":"Novuss PRO Sport set - Novusa galds","isPartOf":{"@id":"https:\/\/novusagalds.lv\/en\/#website"},"primaryImageOfPage":{"@id":"https:\/\/novusagalds.lv\/en\/shop\/novus-tables\/novus-professional-tables\/novuss-pro-sport-set\/#primaryimage"},"image":{"@id":"https:\/\/novusagalds.lv\/en\/shop\/novus-tables\/novus-professional-tables\/novuss-pro-sport-set\/#primaryimage"},"thumbnailUrl":"https:\/\/novusagalds.lv\/wp-content\/uploads\/2025\/03\/1-14.jpg","datePublished":"2025-03-14T14:50:44+00:00","dateModified":"2026-02-16T13:42:05+00:00","description":"320EUR, atbilst LNF noteikumiem, Bezmaksas pieg\u0101de R\u012bg\u0101, Komplekt\u0101 novusa virsma PRO Sport un k\u0101jas PRO br\u016bn\u0101s, Svars 30kg, virsmas biezums 18mm","breadcrumb":{"@id":"https:\/\/novusagalds.lv\/en\/shop\/novus-tables\/novus-professional-tables\/novuss-pro-sport-set\/#breadcrumb"},"inLanguage":"en-US","potentialAction":[{"@type":"ReadAction","target":["https:\/\/novusagalds.lv\/en\/shop\/novus-tables\/novus-professional-tables\/novuss-pro-sport-set\/"]}]},{"@type":"ImageObject","inLanguage":"en-US","@id":"https:\/\/novusagalds.lv\/en\/shop\/novus-tables\/novus-professional-tables\/novuss-pro-sport-set\/#primaryimage","url":"https:\/\/novusagalds.lv\/wp-content\/uploads\/2025\/03\/1-14.jpg","contentUrl":"https:\/\/novusagalds.lv\/wp-content\/uploads\/2025\/03\/1-14.jpg","width":1000,"height":1000},{"@type":"BreadcrumbList","@id":"https:\/\/novusagalds.lv\/en\/shop\/novus-tables\/novus-professional-tables\/novuss-pro-sport-set\/#breadcrumb","itemListElement":[{"@type":"ListItem","position":1,"name":"Home","item":"https:\/\/novusagalds.lv\/en\/"},{"@type":"ListItem","position":2,"name":"Shop","item":"https:\/\/novusagalds.lv\/en\/shop\/"},{"@type":"ListItem","position":3,"name":"Novuss PRO Sport set"}]},{"@type":"WebSite","@id":"https:\/\/novusagalds.lv\/en\/#website","url":"https:\/\/novusagalds.lv\/en\/","name":"Novusa galds","description":"In our store, you will find everything you need for an exciting game of Novus: professional and amateur tables, cues, chips, accessories, and maintenance products. High quality, affordable prices, and delivery across the Baltic region. Start your game with us!","potentialAction":[{"@type":"SearchAction","target":{"@type":"EntryPoint","urlTemplate":"https:\/\/novusagalds.lv\/en\/?s={search_term_string}"},"query-input":{"@type":"PropertyValueSpecification","valueRequired":true,"valueName":"search_term_string"}}],"inLanguage":"en-US"}]}},"_links":{"self":[{"href":"https:\/\/novusagalds.lv\/en\/wp-json\/wp\/v2\/product\/6122","targetHints":{"allow":["GET"]}}],"collection":[{"href":"https:\/\/novusagalds.lv\/en\/wp-json\/wp\/v2\/product"}],"about":[{"href":"https:\/\/novusagalds.lv\/en\/wp-json\/wp\/v2\/types\/product"}],"wp:featuredmedia":[{"embeddable":true,"href":"https:\/\/novusagalds.lv\/en\/wp-json\/wp\/v2\/media\/6590"}],"wp:attachment":[{"href":"https:\/\/novusagalds.lv\/en\/wp-json\/wp\/v2\/media?parent=6122"}],"wp:term":[{"taxonomy":"product_brand","embeddable":true,"href":"https:\/\/novusagalds.lv\/en\/wp-json\/wp\/v2\/product_brand?post=6122"},{"taxonomy":"product_cat","embeddable":true,"href":"https:\/\/novusagalds.lv\/en\/wp-json\/wp\/v2\/product_cat?post=6122"},{"taxonomy":"product_tag","embeddable":true,"href":"https:\/\/novusagalds.lv\/en\/wp-json\/wp\/v2\/product_tag?post=6122"}],"curies":[{"name":"wp","href":"https:\/\/api.w.org\/{rel}","templated":true}]}}