{"id":6946,"date":"2025-06-18T20:11:09","date_gmt":"2025-06-18T18:11:09","guid":{"rendered":"https:\/\/novusagalds.lv\/?post_type=product&#038;p=6946"},"modified":"2025-06-18T20:28:57","modified_gmt":"2025-06-18T18:28:57","slug":"novuss-game-strike-lnf-22g-ipe-wood-kopija","status":"publish","type":"product","link":"https:\/\/novusagalds.lv\/en\/shop\/novus-pucks\/novuss-game-strike-lnf-22g-ipe-wood-kopija\/","title":{"rendered":"Novuss game strike, LNF, 22g, Sam\u0161its (Boxwood)"},"content":{"rendered":"<p>LNF seal, complies with the maximum allowable weight according to the standards of the Latvian Novus Federation<br \/>\nMaterial &#8211; Sam\u0161its (Boxwood)<br \/>\nColor &#8211; light brown<br \/>\nWeight &#8211; until 22g<\/p>\n","protected":false},"excerpt":{"rendered":"<p>LNF seal, complies with the maximum allowable weight according to the standards of the Latvian Novus Federation Material &#8211; Sam\u0161its (Boxwood) Color [&hellip;]<\/p>\n","protected":false},"featured_media":6962,"template":"","meta":[],"product_brand":[],"product_cat":[257],"product_tag":[],"class_list":{"0":"post-6946","1":"product","2":"type-product","3":"status-publish","4":"has-post-thumbnail","6":"product_cat-novus-pucks","7":"product_shipping_class-pakomats-s-en","9":"first","10":"instock","11":"purchasable","12":"product-type-simple"},"yoast_head":"<!-- This site is optimized with the Yoast SEO Premium plugin v27.1 (Yoast SEO v27.1.1) - https:\/\/yoast.com\/product\/yoast-seo-premium-wordpress\/ -->\n<title>Novuss game strike, LNF, 22g, Sam\u0161its (Boxwood) - Novusa galds<\/title>\n<meta name=\"description\" content=\"35.00EUR, Svars 22g, LNF z\u012bmogs, atbilst maksim\u0101li pie\u013caujamam svaram p\u0113c LNF standartiem Materi\u0101ls - Sam\u0161its (Boxwood), Kr\u0101sa - gai\u0161i br\u016bna\" \/>\n<meta name=\"robots\" content=\"index, follow, max-snippet:-1, max-image-preview:large, max-video-preview:-1\" \/>\n<link rel=\"canonical\" href=\"https:\/\/novusagalds.lv\/en\/shop\/novus-pucks\/novuss-game-strike-lnf-22g-ipe-wood-kopija\/\" \/>\n<meta property=\"og:locale\" content=\"en_US\" \/>\n<meta property=\"og:type\" content=\"article\" \/>\n<meta property=\"og:title\" content=\"Novuss game strike, LNF, 22g, Sam\u0161its (Boxwood)\" \/>\n<meta property=\"og:description\" content=\"35.00EUR, Svars 22g, LNF z\u012bmogs, atbilst maksim\u0101li pie\u013caujamam svaram p\u0113c LNF standartiem Materi\u0101ls - Sam\u0161its (Boxwood), Kr\u0101sa - gai\u0161i br\u016bna\" \/>\n<meta property=\"og:url\" content=\"https:\/\/novusagalds.lv\/en\/shop\/novus-pucks\/novuss-game-strike-lnf-22g-ipe-wood-kopija\/\" \/>\n<meta property=\"og:site_name\" content=\"Novusa galds\" \/>\n<meta property=\"article:modified_time\" content=\"2025-06-18T18:28:57+00:00\" \/>\n<meta property=\"og:image\" content=\"https:\/\/novusagalds.lv\/wp-content\/uploads\/2025\/06\/IMG_20250618_170520.jpg\" \/>\n\t<meta property=\"og:image:width\" content=\"800\" \/>\n\t<meta property=\"og:image:height\" content=\"800\" \/>\n\t<meta property=\"og:image:type\" content=\"image\/jpeg\" \/>\n<meta name=\"twitter:card\" content=\"summary_large_image\" \/>\n<meta name=\"twitter:label1\" content=\"Est. reading time\" \/>\n\t<meta name=\"twitter:data1\" content=\"1 minute\" \/>\n<script type=\"application\/ld+json\" class=\"yoast-schema-graph\">{\"@context\":\"https:\/\/schema.org\",\"@graph\":[{\"@type\":\"WebPage\",\"@id\":\"https:\/\/novusagalds.lv\/en\/shop\/novus-pucks\/novuss-game-strike-lnf-22g-ipe-wood-kopija\/\",\"url\":\"https:\/\/novusagalds.lv\/en\/shop\/novus-pucks\/novuss-game-strike-lnf-22g-ipe-wood-kopija\/\",\"name\":\"Novuss game strike, LNF, 22g, Sam\u0161its (Boxwood) - Novusa galds\",\"isPartOf\":{\"@id\":\"https:\/\/novusagalds.lv\/en\/#website\"},\"primaryImageOfPage\":{\"@id\":\"https:\/\/novusagalds.lv\/en\/shop\/novus-pucks\/novuss-game-strike-lnf-22g-ipe-wood-kopija\/#primaryimage\"},\"image\":{\"@id\":\"https:\/\/novusagalds.lv\/en\/shop\/novus-pucks\/novuss-game-strike-lnf-22g-ipe-wood-kopija\/#primaryimage\"},\"thumbnailUrl\":\"https:\/\/novusagalds.lv\/wp-content\/uploads\/2025\/06\/IMG_20250618_170520.jpg\",\"datePublished\":\"2025-06-18T18:11:09+00:00\",\"dateModified\":\"2025-06-18T18:28:57+00:00\",\"description\":\"35.00EUR, Svars 22g, LNF z\u012bmogs, atbilst maksim\u0101li pie\u013caujamam svaram p\u0113c LNF standartiem Materi\u0101ls - Sam\u0161its (Boxwood), Kr\u0101sa - gai\u0161i br\u016bna\",\"breadcrumb\":{\"@id\":\"https:\/\/novusagalds.lv\/en\/shop\/novus-pucks\/novuss-game-strike-lnf-22g-ipe-wood-kopija\/#breadcrumb\"},\"inLanguage\":\"en-US\",\"potentialAction\":[{\"@type\":\"ReadAction\",\"target\":[\"https:\/\/novusagalds.lv\/en\/shop\/novus-pucks\/novuss-game-strike-lnf-22g-ipe-wood-kopija\/\"]}]},{\"@type\":\"ImageObject\",\"inLanguage\":\"en-US\",\"@id\":\"https:\/\/novusagalds.lv\/en\/shop\/novus-pucks\/novuss-game-strike-lnf-22g-ipe-wood-kopija\/#primaryimage\",\"url\":\"https:\/\/novusagalds.lv\/wp-content\/uploads\/2025\/06\/IMG_20250618_170520.jpg\",\"contentUrl\":\"https:\/\/novusagalds.lv\/wp-content\/uploads\/2025\/06\/IMG_20250618_170520.jpg\",\"width\":800,\"height\":800},{\"@type\":\"BreadcrumbList\",\"@id\":\"https:\/\/novusagalds.lv\/en\/shop\/novus-pucks\/novuss-game-strike-lnf-22g-ipe-wood-kopija\/#breadcrumb\",\"itemListElement\":[{\"@type\":\"ListItem\",\"position\":1,\"name\":\"Home\",\"item\":\"https:\/\/novusagalds.lv\/en\/\"},{\"@type\":\"ListItem\",\"position\":2,\"name\":\"Shop\",\"item\":\"https:\/\/novusagalds.lv\/en\/shop\/\"},{\"@type\":\"ListItem\",\"position\":3,\"name\":\"Novuss game strike, LNF, 22g, Sam\u0161its (Boxwood)\"}]},{\"@type\":\"WebSite\",\"@id\":\"https:\/\/novusagalds.lv\/en\/#website\",\"url\":\"https:\/\/novusagalds.lv\/en\/\",\"name\":\"Novusa galds\",\"description\":\"In our store, you will find everything you need for an exciting game of Novus: professional and amateur tables, cues, chips, accessories, and maintenance products. High quality, affordable prices, and delivery across the Baltic region. Start your game with us!\",\"potentialAction\":[{\"@type\":\"SearchAction\",\"target\":{\"@type\":\"EntryPoint\",\"urlTemplate\":\"https:\/\/novusagalds.lv\/en\/?s={search_term_string}\"},\"query-input\":{\"@type\":\"PropertyValueSpecification\",\"valueRequired\":true,\"valueName\":\"search_term_string\"}}],\"inLanguage\":\"en-US\"}]}<\/script>\n<!-- \/ Yoast SEO Premium plugin. -->","yoast_head_json":{"title":"Novuss game strike, LNF, 22g, Sam\u0161its (Boxwood) - Novusa galds","description":"35.00EUR, Svars 22g, LNF z\u012bmogs, atbilst maksim\u0101li pie\u013caujamam svaram p\u0113c LNF standartiem Materi\u0101ls - Sam\u0161its (Boxwood), Kr\u0101sa - gai\u0161i br\u016bna","robots":{"index":"index","follow":"follow","max-snippet":"max-snippet:-1","max-image-preview":"max-image-preview:large","max-video-preview":"max-video-preview:-1"},"canonical":"https:\/\/novusagalds.lv\/en\/shop\/novus-pucks\/novuss-game-strike-lnf-22g-ipe-wood-kopija\/","og_locale":"en_US","og_type":"article","og_title":"Novuss game strike, LNF, 22g, Sam\u0161its (Boxwood)","og_description":"35.00EUR, Svars 22g, LNF z\u012bmogs, atbilst maksim\u0101li pie\u013caujamam svaram p\u0113c LNF standartiem Materi\u0101ls - Sam\u0161its (Boxwood), Kr\u0101sa - gai\u0161i br\u016bna","og_url":"https:\/\/novusagalds.lv\/en\/shop\/novus-pucks\/novuss-game-strike-lnf-22g-ipe-wood-kopija\/","og_site_name":"Novusa galds","article_modified_time":"2025-06-18T18:28:57+00:00","og_image":[{"width":800,"height":800,"url":"https:\/\/novusagalds.lv\/wp-content\/uploads\/2025\/06\/IMG_20250618_170520.jpg","type":"image\/jpeg"}],"twitter_card":"summary_large_image","twitter_misc":{"Est. reading time":"1 minute"},"schema":{"@context":"https:\/\/schema.org","@graph":[{"@type":"WebPage","@id":"https:\/\/novusagalds.lv\/en\/shop\/novus-pucks\/novuss-game-strike-lnf-22g-ipe-wood-kopija\/","url":"https:\/\/novusagalds.lv\/en\/shop\/novus-pucks\/novuss-game-strike-lnf-22g-ipe-wood-kopija\/","name":"Novuss game strike, LNF, 22g, Sam\u0161its (Boxwood) - Novusa galds","isPartOf":{"@id":"https:\/\/novusagalds.lv\/en\/#website"},"primaryImageOfPage":{"@id":"https:\/\/novusagalds.lv\/en\/shop\/novus-pucks\/novuss-game-strike-lnf-22g-ipe-wood-kopija\/#primaryimage"},"image":{"@id":"https:\/\/novusagalds.lv\/en\/shop\/novus-pucks\/novuss-game-strike-lnf-22g-ipe-wood-kopija\/#primaryimage"},"thumbnailUrl":"https:\/\/novusagalds.lv\/wp-content\/uploads\/2025\/06\/IMG_20250618_170520.jpg","datePublished":"2025-06-18T18:11:09+00:00","dateModified":"2025-06-18T18:28:57+00:00","description":"35.00EUR, Svars 22g, LNF z\u012bmogs, atbilst maksim\u0101li pie\u013caujamam svaram p\u0113c LNF standartiem Materi\u0101ls - Sam\u0161its (Boxwood), Kr\u0101sa - gai\u0161i br\u016bna","breadcrumb":{"@id":"https:\/\/novusagalds.lv\/en\/shop\/novus-pucks\/novuss-game-strike-lnf-22g-ipe-wood-kopija\/#breadcrumb"},"inLanguage":"en-US","potentialAction":[{"@type":"ReadAction","target":["https:\/\/novusagalds.lv\/en\/shop\/novus-pucks\/novuss-game-strike-lnf-22g-ipe-wood-kopija\/"]}]},{"@type":"ImageObject","inLanguage":"en-US","@id":"https:\/\/novusagalds.lv\/en\/shop\/novus-pucks\/novuss-game-strike-lnf-22g-ipe-wood-kopija\/#primaryimage","url":"https:\/\/novusagalds.lv\/wp-content\/uploads\/2025\/06\/IMG_20250618_170520.jpg","contentUrl":"https:\/\/novusagalds.lv\/wp-content\/uploads\/2025\/06\/IMG_20250618_170520.jpg","width":800,"height":800},{"@type":"BreadcrumbList","@id":"https:\/\/novusagalds.lv\/en\/shop\/novus-pucks\/novuss-game-strike-lnf-22g-ipe-wood-kopija\/#breadcrumb","itemListElement":[{"@type":"ListItem","position":1,"name":"Home","item":"https:\/\/novusagalds.lv\/en\/"},{"@type":"ListItem","position":2,"name":"Shop","item":"https:\/\/novusagalds.lv\/en\/shop\/"},{"@type":"ListItem","position":3,"name":"Novuss game strike, LNF, 22g, Sam\u0161its (Boxwood)"}]},{"@type":"WebSite","@id":"https:\/\/novusagalds.lv\/en\/#website","url":"https:\/\/novusagalds.lv\/en\/","name":"Novusa galds","description":"In our store, you will find everything you need for an exciting game of Novus: professional and amateur tables, cues, chips, accessories, and maintenance products. High quality, affordable prices, and delivery across the Baltic region. Start your game with us!","potentialAction":[{"@type":"SearchAction","target":{"@type":"EntryPoint","urlTemplate":"https:\/\/novusagalds.lv\/en\/?s={search_term_string}"},"query-input":{"@type":"PropertyValueSpecification","valueRequired":true,"valueName":"search_term_string"}}],"inLanguage":"en-US"}]}},"_links":{"self":[{"href":"https:\/\/novusagalds.lv\/en\/wp-json\/wp\/v2\/product\/6946","targetHints":{"allow":["GET"]}}],"collection":[{"href":"https:\/\/novusagalds.lv\/en\/wp-json\/wp\/v2\/product"}],"about":[{"href":"https:\/\/novusagalds.lv\/en\/wp-json\/wp\/v2\/types\/product"}],"wp:featuredmedia":[{"embeddable":true,"href":"https:\/\/novusagalds.lv\/en\/wp-json\/wp\/v2\/media\/6962"}],"wp:attachment":[{"href":"https:\/\/novusagalds.lv\/en\/wp-json\/wp\/v2\/media?parent=6946"}],"wp:term":[{"taxonomy":"product_brand","embeddable":true,"href":"https:\/\/novusagalds.lv\/en\/wp-json\/wp\/v2\/product_brand?post=6946"},{"taxonomy":"product_cat","embeddable":true,"href":"https:\/\/novusagalds.lv\/en\/wp-json\/wp\/v2\/product_cat?post=6946"},{"taxonomy":"product_tag","embeddable":true,"href":"https:\/\/novusagalds.lv\/en\/wp-json\/wp\/v2\/product_tag?post=6946"}],"curies":[{"name":"wp","href":"https:\/\/api.w.org\/{rel}","templated":true}]}}