{"id":7568,"date":"2026-02-16T16:21:44","date_gmt":"2026-02-16T14:21:44","guid":{"rendered":"https:\/\/novusagalds.lv\/?post_type=product&#038;p=7568"},"modified":"2026-02-16T16:25:20","modified_gmt":"2026-02-16T14:25:20","slug":"novuss-hobby-set-with-cardboard-packaging","status":"publish","type":"product","link":"https:\/\/novusagalds.lv\/en\/shop\/novus-tables\/amateur-tables\/novuss-hobby-set-with-cardboard-packaging\/","title":{"rendered":"Novuss Hobby set with cardboard packaging"},"content":{"rendered":"<p>Packed in a cardboard box to protect the table during transportation.<br \/>\nNovuss Table Hobby is lightweight construction with reduced weight.<\/p>\n<ul>\n<li><strong>Table dimensions:<\/strong> Outer size &#8211; 106 cm x 106 cm; Playing surface &#8211; 100 cm x 100 cm.<\/li>\n<li><strong>Playing surface:<\/strong> 6.5 mm plywood, lacquered four times and polished.<\/li>\n<li><strong>Borders:<\/strong> 40 mm x 30 mm.<\/li>\n<\/ul>\n<p>Contents:<\/p>\n<ul>\n<li>Novuss Hobby playing surface<\/li>\n<li>Novuss legs<\/li>\n<li>Novuss cues made from birch, 1 m, 2 pcs<\/li>\n<li>Novuss Hobby puck set (32+2)<\/li>\n<li>Novuss rules<\/li>\n<\/ul>\n<p><strong>Price:<\/strong> 180 EUR<\/p>\n<p><strong>Made in Latvia<\/strong><\/p>\n","protected":false},"excerpt":{"rendered":"<p>Packed in a cardboard box to protect the table during transportation. Novuss Table Hobby is lightweight construction with reduced weight. Table dimensions: [&hellip;]<\/p>\n","protected":false},"featured_media":6009,"template":"","meta":[],"product_brand":[],"product_cat":[262],"product_tag":[],"class_list":{"0":"post-7568","1":"product","2":"type-product","3":"status-publish","4":"has-post-thumbnail","6":"product_cat-amateur-tables","7":"product_shipping_class-novusa-galdi-en","9":"first","10":"instock","11":"purchasable","12":"product-type-simple"},"yoast_head":"<!-- This site is optimized with the Yoast SEO Premium plugin v27.1 (Yoast SEO v27.1.1) - https:\/\/yoast.com\/product\/yoast-seo-premium-wordpress\/ -->\n<title>Novuss Hobby set with cardboard packaging - Novusa galds<\/title>\n<meta name=\"description\" content=\"180EUR, Bezmaksas pieg\u0101de R\u012bg\u0101, Komplekt\u0101 kauli\u0146i, divas kijas, k\u0101jas, novusa virsma, Svars 17kg, virsmas biezums 6mm, Novusa galds ra\u017eots Latvij\u0101\" \/>\n<meta name=\"robots\" content=\"index, follow, max-snippet:-1, max-image-preview:large, max-video-preview:-1\" \/>\n<link rel=\"canonical\" href=\"https:\/\/novusagalds.lv\/en\/shop\/novus-tables\/amateur-tables\/novuss-hobby-set-with-cardboard-packaging\/\" \/>\n<meta property=\"og:locale\" content=\"en_US\" \/>\n<meta property=\"og:type\" content=\"article\" \/>\n<meta property=\"og:title\" content=\"Novuss Hobby set with cardboard packaging\" \/>\n<meta property=\"og:description\" content=\"180EUR, Bezmaksas pieg\u0101de R\u012bg\u0101, Komplekt\u0101 kauli\u0146i, divas kijas, k\u0101jas, novusa virsma, Svars 17kg, virsmas biezums 6mm, Novusa galds ra\u017eots Latvij\u0101\" \/>\n<meta property=\"og:url\" content=\"https:\/\/novusagalds.lv\/en\/shop\/novus-tables\/amateur-tables\/novuss-hobby-set-with-cardboard-packaging\/\" \/>\n<meta property=\"og:site_name\" content=\"Novusa galds\" \/>\n<meta property=\"article:modified_time\" content=\"2026-02-16T14:25:20+00:00\" \/>\n<meta property=\"og:image\" content=\"https:\/\/novusagalds.lv\/wp-content\/uploads\/2025\/03\/IMG_20240229_1234158-scaled-1.jpg\" \/>\n\t<meta property=\"og:image:width\" content=\"1707\" \/>\n\t<meta property=\"og:image:height\" content=\"2560\" \/>\n\t<meta property=\"og:image:type\" content=\"image\/jpeg\" \/>\n<meta name=\"twitter:card\" content=\"summary_large_image\" \/>\n<meta name=\"twitter:label1\" content=\"Est. reading time\" \/>\n\t<meta name=\"twitter:data1\" content=\"1 minute\" \/>\n<script type=\"application\/ld+json\" class=\"yoast-schema-graph\">{\"@context\":\"https:\/\/schema.org\",\"@graph\":[{\"@type\":\"WebPage\",\"@id\":\"https:\/\/novusagalds.lv\/en\/shop\/novus-tables\/amateur-tables\/novuss-hobby-set-with-cardboard-packaging\/\",\"url\":\"https:\/\/novusagalds.lv\/en\/shop\/novus-tables\/amateur-tables\/novuss-hobby-set-with-cardboard-packaging\/\",\"name\":\"Novuss Hobby set with cardboard packaging - Novusa galds\",\"isPartOf\":{\"@id\":\"https:\/\/novusagalds.lv\/en\/#website\"},\"primaryImageOfPage\":{\"@id\":\"https:\/\/novusagalds.lv\/en\/shop\/novus-tables\/amateur-tables\/novuss-hobby-set-with-cardboard-packaging\/#primaryimage\"},\"image\":{\"@id\":\"https:\/\/novusagalds.lv\/en\/shop\/novus-tables\/amateur-tables\/novuss-hobby-set-with-cardboard-packaging\/#primaryimage\"},\"thumbnailUrl\":\"https:\/\/novusagalds.lv\/wp-content\/uploads\/2025\/03\/IMG_20240229_1234158-scaled-1.jpg\",\"datePublished\":\"2026-02-16T14:21:44+00:00\",\"dateModified\":\"2026-02-16T14:25:20+00:00\",\"description\":\"180EUR, Bezmaksas pieg\u0101de R\u012bg\u0101, Komplekt\u0101 kauli\u0146i, divas kijas, k\u0101jas, novusa virsma, Svars 17kg, virsmas biezums 6mm, Novusa galds ra\u017eots Latvij\u0101\",\"breadcrumb\":{\"@id\":\"https:\/\/novusagalds.lv\/en\/shop\/novus-tables\/amateur-tables\/novuss-hobby-set-with-cardboard-packaging\/#breadcrumb\"},\"inLanguage\":\"en-US\",\"potentialAction\":[{\"@type\":\"ReadAction\",\"target\":[\"https:\/\/novusagalds.lv\/en\/shop\/novus-tables\/amateur-tables\/novuss-hobby-set-with-cardboard-packaging\/\"]}]},{\"@type\":\"ImageObject\",\"inLanguage\":\"en-US\",\"@id\":\"https:\/\/novusagalds.lv\/en\/shop\/novus-tables\/amateur-tables\/novuss-hobby-set-with-cardboard-packaging\/#primaryimage\",\"url\":\"https:\/\/novusagalds.lv\/wp-content\/uploads\/2025\/03\/IMG_20240229_1234158-scaled-1.jpg\",\"contentUrl\":\"https:\/\/novusagalds.lv\/wp-content\/uploads\/2025\/03\/IMG_20240229_1234158-scaled-1.jpg\",\"width\":1707,\"height\":2560},{\"@type\":\"BreadcrumbList\",\"@id\":\"https:\/\/novusagalds.lv\/en\/shop\/novus-tables\/amateur-tables\/novuss-hobby-set-with-cardboard-packaging\/#breadcrumb\",\"itemListElement\":[{\"@type\":\"ListItem\",\"position\":1,\"name\":\"Home\",\"item\":\"https:\/\/novusagalds.lv\/en\/\"},{\"@type\":\"ListItem\",\"position\":2,\"name\":\"Shop\",\"item\":\"https:\/\/novusagalds.lv\/en\/shop\/\"},{\"@type\":\"ListItem\",\"position\":3,\"name\":\"Novuss Hobby set with cardboard packaging\"}]},{\"@type\":\"WebSite\",\"@id\":\"https:\/\/novusagalds.lv\/en\/#website\",\"url\":\"https:\/\/novusagalds.lv\/en\/\",\"name\":\"Novusa galds\",\"description\":\"In our store, you will find everything you need for an exciting game of Novus: professional and amateur tables, cues, chips, accessories, and maintenance products. High quality, affordable prices, and delivery across the Baltic region. Start your game with us!\",\"potentialAction\":[{\"@type\":\"SearchAction\",\"target\":{\"@type\":\"EntryPoint\",\"urlTemplate\":\"https:\/\/novusagalds.lv\/en\/?s={search_term_string}\"},\"query-input\":{\"@type\":\"PropertyValueSpecification\",\"valueRequired\":true,\"valueName\":\"search_term_string\"}}],\"inLanguage\":\"en-US\"}]}<\/script>\n<!-- \/ Yoast SEO Premium plugin. -->","yoast_head_json":{"title":"Novuss Hobby set with cardboard packaging - Novusa galds","description":"180EUR, Bezmaksas pieg\u0101de R\u012bg\u0101, Komplekt\u0101 kauli\u0146i, divas kijas, k\u0101jas, novusa virsma, Svars 17kg, virsmas biezums 6mm, Novusa galds ra\u017eots Latvij\u0101","robots":{"index":"index","follow":"follow","max-snippet":"max-snippet:-1","max-image-preview":"max-image-preview:large","max-video-preview":"max-video-preview:-1"},"canonical":"https:\/\/novusagalds.lv\/en\/shop\/novus-tables\/amateur-tables\/novuss-hobby-set-with-cardboard-packaging\/","og_locale":"en_US","og_type":"article","og_title":"Novuss Hobby set with cardboard packaging","og_description":"180EUR, Bezmaksas pieg\u0101de R\u012bg\u0101, Komplekt\u0101 kauli\u0146i, divas kijas, k\u0101jas, novusa virsma, Svars 17kg, virsmas biezums 6mm, Novusa galds ra\u017eots Latvij\u0101","og_url":"https:\/\/novusagalds.lv\/en\/shop\/novus-tables\/amateur-tables\/novuss-hobby-set-with-cardboard-packaging\/","og_site_name":"Novusa galds","article_modified_time":"2026-02-16T14:25:20+00:00","og_image":[{"width":1707,"height":2560,"url":"https:\/\/novusagalds.lv\/wp-content\/uploads\/2025\/03\/IMG_20240229_1234158-scaled-1.jpg","type":"image\/jpeg"}],"twitter_card":"summary_large_image","twitter_misc":{"Est. reading time":"1 minute"},"schema":{"@context":"https:\/\/schema.org","@graph":[{"@type":"WebPage","@id":"https:\/\/novusagalds.lv\/en\/shop\/novus-tables\/amateur-tables\/novuss-hobby-set-with-cardboard-packaging\/","url":"https:\/\/novusagalds.lv\/en\/shop\/novus-tables\/amateur-tables\/novuss-hobby-set-with-cardboard-packaging\/","name":"Novuss Hobby set with cardboard packaging - Novusa galds","isPartOf":{"@id":"https:\/\/novusagalds.lv\/en\/#website"},"primaryImageOfPage":{"@id":"https:\/\/novusagalds.lv\/en\/shop\/novus-tables\/amateur-tables\/novuss-hobby-set-with-cardboard-packaging\/#primaryimage"},"image":{"@id":"https:\/\/novusagalds.lv\/en\/shop\/novus-tables\/amateur-tables\/novuss-hobby-set-with-cardboard-packaging\/#primaryimage"},"thumbnailUrl":"https:\/\/novusagalds.lv\/wp-content\/uploads\/2025\/03\/IMG_20240229_1234158-scaled-1.jpg","datePublished":"2026-02-16T14:21:44+00:00","dateModified":"2026-02-16T14:25:20+00:00","description":"180EUR, Bezmaksas pieg\u0101de R\u012bg\u0101, Komplekt\u0101 kauli\u0146i, divas kijas, k\u0101jas, novusa virsma, Svars 17kg, virsmas biezums 6mm, Novusa galds ra\u017eots Latvij\u0101","breadcrumb":{"@id":"https:\/\/novusagalds.lv\/en\/shop\/novus-tables\/amateur-tables\/novuss-hobby-set-with-cardboard-packaging\/#breadcrumb"},"inLanguage":"en-US","potentialAction":[{"@type":"ReadAction","target":["https:\/\/novusagalds.lv\/en\/shop\/novus-tables\/amateur-tables\/novuss-hobby-set-with-cardboard-packaging\/"]}]},{"@type":"ImageObject","inLanguage":"en-US","@id":"https:\/\/novusagalds.lv\/en\/shop\/novus-tables\/amateur-tables\/novuss-hobby-set-with-cardboard-packaging\/#primaryimage","url":"https:\/\/novusagalds.lv\/wp-content\/uploads\/2025\/03\/IMG_20240229_1234158-scaled-1.jpg","contentUrl":"https:\/\/novusagalds.lv\/wp-content\/uploads\/2025\/03\/IMG_20240229_1234158-scaled-1.jpg","width":1707,"height":2560},{"@type":"BreadcrumbList","@id":"https:\/\/novusagalds.lv\/en\/shop\/novus-tables\/amateur-tables\/novuss-hobby-set-with-cardboard-packaging\/#breadcrumb","itemListElement":[{"@type":"ListItem","position":1,"name":"Home","item":"https:\/\/novusagalds.lv\/en\/"},{"@type":"ListItem","position":2,"name":"Shop","item":"https:\/\/novusagalds.lv\/en\/shop\/"},{"@type":"ListItem","position":3,"name":"Novuss Hobby set with cardboard packaging"}]},{"@type":"WebSite","@id":"https:\/\/novusagalds.lv\/en\/#website","url":"https:\/\/novusagalds.lv\/en\/","name":"Novusa galds","description":"In our store, you will find everything you need for an exciting game of Novus: professional and amateur tables, cues, chips, accessories, and maintenance products. High quality, affordable prices, and delivery across the Baltic region. Start your game with us!","potentialAction":[{"@type":"SearchAction","target":{"@type":"EntryPoint","urlTemplate":"https:\/\/novusagalds.lv\/en\/?s={search_term_string}"},"query-input":{"@type":"PropertyValueSpecification","valueRequired":true,"valueName":"search_term_string"}}],"inLanguage":"en-US"}]}},"_links":{"self":[{"href":"https:\/\/novusagalds.lv\/en\/wp-json\/wp\/v2\/product\/7568","targetHints":{"allow":["GET"]}}],"collection":[{"href":"https:\/\/novusagalds.lv\/en\/wp-json\/wp\/v2\/product"}],"about":[{"href":"https:\/\/novusagalds.lv\/en\/wp-json\/wp\/v2\/types\/product"}],"wp:featuredmedia":[{"embeddable":true,"href":"https:\/\/novusagalds.lv\/en\/wp-json\/wp\/v2\/media\/6009"}],"wp:attachment":[{"href":"https:\/\/novusagalds.lv\/en\/wp-json\/wp\/v2\/media?parent=7568"}],"wp:term":[{"taxonomy":"product_brand","embeddable":true,"href":"https:\/\/novusagalds.lv\/en\/wp-json\/wp\/v2\/product_brand?post=7568"},{"taxonomy":"product_cat","embeddable":true,"href":"https:\/\/novusagalds.lv\/en\/wp-json\/wp\/v2\/product_cat?post=7568"},{"taxonomy":"product_tag","embeddable":true,"href":"https:\/\/novusagalds.lv\/en\/wp-json\/wp\/v2\/product_tag?post=7568"}],"curies":[{"name":"wp","href":"https:\/\/api.w.org\/{rel}","templated":true}]}}