{"id":7573,"date":"2026-02-16T16:30:43","date_gmt":"2026-02-16T14:30:43","guid":{"rendered":"https:\/\/novusagalds.lv\/?post_type=product&#038;p=7573"},"modified":"2026-02-16T16:35:52","modified_gmt":"2026-02-16T14:35:52","slug":"novuss-pro-legs","status":"publish","type":"product","link":"https:\/\/novusagalds.lv\/en\/shop\/novuss-table-legs\/novuss-pro-legs\/","title":{"rendered":"Novuss PRO Legs"},"content":{"rendered":"<p>Novuss PRO tables legs, designed for Novuss tables with a playing surface of 100 x 100 cm, including PRO, Classic, Sport, and Hobby models.<br \/>\nStable, screwable, and durable construction with adjustable height. Primarily intended for 18\u201320 mm professional table surfaces but can also be used with amateur table surfaces such as Classic, Sport, and Hobby.<\/p>\n<p>&#8211; Color: natural wood<br \/>\n&#8211; Price for the Novuss PRO legs brown: 105 EUR.<br \/>\n&#8211; Made in Latvia.<\/p>\n","protected":false},"excerpt":{"rendered":"<p>Novuss PRO tables legs, designed for Novuss tables with a playing surface of 100 x 100 cm, including PRO, Classic, Sport, and [&hellip;]<\/p>\n","protected":false},"featured_media":6874,"template":"","meta":[],"product_brand":[],"product_cat":[264],"product_tag":[],"class_list":{"0":"post-7573","1":"product","2":"type-product","3":"status-publish","4":"has-post-thumbnail","6":"product_cat-novuss-table-legs","7":"product_shipping_class-novusa-galdi-en","9":"first","10":"instock","11":"purchasable","12":"product-type-simple"},"yoast_head":"<!-- This site is optimized with the Yoast SEO Premium plugin v27.1 (Yoast SEO v27.1.1) - https:\/\/yoast.com\/product\/yoast-seo-premium-wordpress\/ -->\n<title>Novuss PRO Legs - Novusa galds<\/title>\n<meta name=\"description\" content=\"105EUR, Bezmaksas pieg\u0101de R\u012bg\u0101, novusa k\u0101jas PRO br\u016bnas, regul\u0113jams augstums, paredz\u0113tas PRO galdiem ar 18mm biezumu, Ra\u017eots Latvij\u0101\" \/>\n<meta name=\"robots\" content=\"index, follow, max-snippet:-1, max-image-preview:large, max-video-preview:-1\" \/>\n<link rel=\"canonical\" href=\"https:\/\/novusagalds.lv\/en\/shop\/novuss-table-legs\/novuss-pro-legs\/\" \/>\n<meta property=\"og:locale\" content=\"en_US\" \/>\n<meta property=\"og:type\" content=\"article\" \/>\n<meta property=\"og:title\" content=\"Novuss PRO Legs\" \/>\n<meta property=\"og:description\" content=\"105EUR, Bezmaksas pieg\u0101de R\u012bg\u0101, novusa k\u0101jas PRO br\u016bnas, regul\u0113jams augstums, paredz\u0113tas PRO galdiem ar 18mm biezumu, Ra\u017eots Latvij\u0101\" \/>\n<meta property=\"og:url\" content=\"https:\/\/novusagalds.lv\/en\/shop\/novuss-table-legs\/novuss-pro-legs\/\" \/>\n<meta property=\"og:site_name\" content=\"Novusa galds\" \/>\n<meta property=\"article:modified_time\" content=\"2026-02-16T14:35:52+00:00\" \/>\n<meta property=\"og:image\" content=\"https:\/\/novusagalds.lv\/wp-content\/uploads\/2025\/03\/4-16.jpg\" \/>\n\t<meta property=\"og:image:width\" content=\"1000\" \/>\n\t<meta property=\"og:image:height\" content=\"1000\" \/>\n\t<meta property=\"og:image:type\" content=\"image\/jpeg\" \/>\n<meta name=\"twitter:card\" content=\"summary_large_image\" \/>\n<meta name=\"twitter:label1\" content=\"Est. reading time\" \/>\n\t<meta name=\"twitter:data1\" content=\"1 minute\" \/>\n<script type=\"application\/ld+json\" class=\"yoast-schema-graph\">{\"@context\":\"https:\/\/schema.org\",\"@graph\":[{\"@type\":\"WebPage\",\"@id\":\"https:\/\/novusagalds.lv\/en\/shop\/novuss-table-legs\/novuss-pro-legs\/\",\"url\":\"https:\/\/novusagalds.lv\/en\/shop\/novuss-table-legs\/novuss-pro-legs\/\",\"name\":\"Novuss PRO Legs - Novusa galds\",\"isPartOf\":{\"@id\":\"https:\/\/novusagalds.lv\/en\/#website\"},\"primaryImageOfPage\":{\"@id\":\"https:\/\/novusagalds.lv\/en\/shop\/novuss-table-legs\/novuss-pro-legs\/#primaryimage\"},\"image\":{\"@id\":\"https:\/\/novusagalds.lv\/en\/shop\/novuss-table-legs\/novuss-pro-legs\/#primaryimage\"},\"thumbnailUrl\":\"https:\/\/novusagalds.lv\/wp-content\/uploads\/2025\/03\/4-16.jpg\",\"datePublished\":\"2026-02-16T14:30:43+00:00\",\"dateModified\":\"2026-02-16T14:35:52+00:00\",\"description\":\"105EUR, Bezmaksas pieg\u0101de R\u012bg\u0101, novusa k\u0101jas PRO br\u016bnas, regul\u0113jams augstums, paredz\u0113tas PRO galdiem ar 18mm biezumu, Ra\u017eots Latvij\u0101\",\"breadcrumb\":{\"@id\":\"https:\/\/novusagalds.lv\/en\/shop\/novuss-table-legs\/novuss-pro-legs\/#breadcrumb\"},\"inLanguage\":\"en-US\",\"potentialAction\":[{\"@type\":\"ReadAction\",\"target\":[\"https:\/\/novusagalds.lv\/en\/shop\/novuss-table-legs\/novuss-pro-legs\/\"]}]},{\"@type\":\"ImageObject\",\"inLanguage\":\"en-US\",\"@id\":\"https:\/\/novusagalds.lv\/en\/shop\/novuss-table-legs\/novuss-pro-legs\/#primaryimage\",\"url\":\"https:\/\/novusagalds.lv\/wp-content\/uploads\/2025\/03\/4-16.jpg\",\"contentUrl\":\"https:\/\/novusagalds.lv\/wp-content\/uploads\/2025\/03\/4-16.jpg\",\"width\":1000,\"height\":1000},{\"@type\":\"BreadcrumbList\",\"@id\":\"https:\/\/novusagalds.lv\/en\/shop\/novuss-table-legs\/novuss-pro-legs\/#breadcrumb\",\"itemListElement\":[{\"@type\":\"ListItem\",\"position\":1,\"name\":\"Home\",\"item\":\"https:\/\/novusagalds.lv\/en\/\"},{\"@type\":\"ListItem\",\"position\":2,\"name\":\"Shop\",\"item\":\"https:\/\/novusagalds.lv\/en\/shop\/\"},{\"@type\":\"ListItem\",\"position\":3,\"name\":\"Novuss PRO Legs\"}]},{\"@type\":\"WebSite\",\"@id\":\"https:\/\/novusagalds.lv\/en\/#website\",\"url\":\"https:\/\/novusagalds.lv\/en\/\",\"name\":\"Novusa galds\",\"description\":\"In our store, you will find everything you need for an exciting game of Novus: professional and amateur tables, cues, chips, accessories, and maintenance products. High quality, affordable prices, and delivery across the Baltic region. Start your game with us!\",\"potentialAction\":[{\"@type\":\"SearchAction\",\"target\":{\"@type\":\"EntryPoint\",\"urlTemplate\":\"https:\/\/novusagalds.lv\/en\/?s={search_term_string}\"},\"query-input\":{\"@type\":\"PropertyValueSpecification\",\"valueRequired\":true,\"valueName\":\"search_term_string\"}}],\"inLanguage\":\"en-US\"}]}<\/script>\n<!-- \/ Yoast SEO Premium plugin. -->","yoast_head_json":{"title":"Novuss PRO Legs - Novusa galds","description":"105EUR, Bezmaksas pieg\u0101de R\u012bg\u0101, novusa k\u0101jas PRO br\u016bnas, regul\u0113jams augstums, paredz\u0113tas PRO galdiem ar 18mm biezumu, Ra\u017eots Latvij\u0101","robots":{"index":"index","follow":"follow","max-snippet":"max-snippet:-1","max-image-preview":"max-image-preview:large","max-video-preview":"max-video-preview:-1"},"canonical":"https:\/\/novusagalds.lv\/en\/shop\/novuss-table-legs\/novuss-pro-legs\/","og_locale":"en_US","og_type":"article","og_title":"Novuss PRO Legs","og_description":"105EUR, Bezmaksas pieg\u0101de R\u012bg\u0101, novusa k\u0101jas PRO br\u016bnas, regul\u0113jams augstums, paredz\u0113tas PRO galdiem ar 18mm biezumu, Ra\u017eots Latvij\u0101","og_url":"https:\/\/novusagalds.lv\/en\/shop\/novuss-table-legs\/novuss-pro-legs\/","og_site_name":"Novusa galds","article_modified_time":"2026-02-16T14:35:52+00:00","og_image":[{"width":1000,"height":1000,"url":"https:\/\/novusagalds.lv\/wp-content\/uploads\/2025\/03\/4-16.jpg","type":"image\/jpeg"}],"twitter_card":"summary_large_image","twitter_misc":{"Est. reading time":"1 minute"},"schema":{"@context":"https:\/\/schema.org","@graph":[{"@type":"WebPage","@id":"https:\/\/novusagalds.lv\/en\/shop\/novuss-table-legs\/novuss-pro-legs\/","url":"https:\/\/novusagalds.lv\/en\/shop\/novuss-table-legs\/novuss-pro-legs\/","name":"Novuss PRO Legs - Novusa galds","isPartOf":{"@id":"https:\/\/novusagalds.lv\/en\/#website"},"primaryImageOfPage":{"@id":"https:\/\/novusagalds.lv\/en\/shop\/novuss-table-legs\/novuss-pro-legs\/#primaryimage"},"image":{"@id":"https:\/\/novusagalds.lv\/en\/shop\/novuss-table-legs\/novuss-pro-legs\/#primaryimage"},"thumbnailUrl":"https:\/\/novusagalds.lv\/wp-content\/uploads\/2025\/03\/4-16.jpg","datePublished":"2026-02-16T14:30:43+00:00","dateModified":"2026-02-16T14:35:52+00:00","description":"105EUR, Bezmaksas pieg\u0101de R\u012bg\u0101, novusa k\u0101jas PRO br\u016bnas, regul\u0113jams augstums, paredz\u0113tas PRO galdiem ar 18mm biezumu, Ra\u017eots Latvij\u0101","breadcrumb":{"@id":"https:\/\/novusagalds.lv\/en\/shop\/novuss-table-legs\/novuss-pro-legs\/#breadcrumb"},"inLanguage":"en-US","potentialAction":[{"@type":"ReadAction","target":["https:\/\/novusagalds.lv\/en\/shop\/novuss-table-legs\/novuss-pro-legs\/"]}]},{"@type":"ImageObject","inLanguage":"en-US","@id":"https:\/\/novusagalds.lv\/en\/shop\/novuss-table-legs\/novuss-pro-legs\/#primaryimage","url":"https:\/\/novusagalds.lv\/wp-content\/uploads\/2025\/03\/4-16.jpg","contentUrl":"https:\/\/novusagalds.lv\/wp-content\/uploads\/2025\/03\/4-16.jpg","width":1000,"height":1000},{"@type":"BreadcrumbList","@id":"https:\/\/novusagalds.lv\/en\/shop\/novuss-table-legs\/novuss-pro-legs\/#breadcrumb","itemListElement":[{"@type":"ListItem","position":1,"name":"Home","item":"https:\/\/novusagalds.lv\/en\/"},{"@type":"ListItem","position":2,"name":"Shop","item":"https:\/\/novusagalds.lv\/en\/shop\/"},{"@type":"ListItem","position":3,"name":"Novuss PRO Legs"}]},{"@type":"WebSite","@id":"https:\/\/novusagalds.lv\/en\/#website","url":"https:\/\/novusagalds.lv\/en\/","name":"Novusa galds","description":"In our store, you will find everything you need for an exciting game of Novus: professional and amateur tables, cues, chips, accessories, and maintenance products. High quality, affordable prices, and delivery across the Baltic region. Start your game with us!","potentialAction":[{"@type":"SearchAction","target":{"@type":"EntryPoint","urlTemplate":"https:\/\/novusagalds.lv\/en\/?s={search_term_string}"},"query-input":{"@type":"PropertyValueSpecification","valueRequired":true,"valueName":"search_term_string"}}],"inLanguage":"en-US"}]}},"_links":{"self":[{"href":"https:\/\/novusagalds.lv\/en\/wp-json\/wp\/v2\/product\/7573","targetHints":{"allow":["GET"]}}],"collection":[{"href":"https:\/\/novusagalds.lv\/en\/wp-json\/wp\/v2\/product"}],"about":[{"href":"https:\/\/novusagalds.lv\/en\/wp-json\/wp\/v2\/types\/product"}],"wp:featuredmedia":[{"embeddable":true,"href":"https:\/\/novusagalds.lv\/en\/wp-json\/wp\/v2\/media\/6874"}],"wp:attachment":[{"href":"https:\/\/novusagalds.lv\/en\/wp-json\/wp\/v2\/media?parent=7573"}],"wp:term":[{"taxonomy":"product_brand","embeddable":true,"href":"https:\/\/novusagalds.lv\/en\/wp-json\/wp\/v2\/product_brand?post=7573"},{"taxonomy":"product_cat","embeddable":true,"href":"https:\/\/novusagalds.lv\/en\/wp-json\/wp\/v2\/product_cat?post=7573"},{"taxonomy":"product_tag","embeddable":true,"href":"https:\/\/novusagalds.lv\/en\/wp-json\/wp\/v2\/product_tag?post=7573"}],"curies":[{"name":"wp","href":"https:\/\/api.w.org\/{rel}","templated":true}]}}