{"id":3617,"date":"2017-04-17T03:04:11","date_gmt":"2017-04-17T03:04:11","guid":{"rendered":"https:\/\/demo.arrowtheme.com\/modus\/my-account\/"},"modified":"2025-02-23T19:28:02","modified_gmt":"2025-02-23T16:28:02","slug":"moj-profilj","status":"publish","type":"page","link":"https:\/\/novusagalds.lv\/ru\/moj-profilj\/","title":{"rendered":"\u041c\u043e\u0439 \u043f\u0440\u043e\u0444\u0438\u043b\u044c"},"content":{"rendered":"<div class=\"woocommerce\"><div class=\"woocommerce-notices-wrapper\"><\/div>\n\n<div class=\"u-columns col2-set\" id=\"customer_login\">\n\n\t<div class=\"u-column1 col-1\">\n\n\n\t\t<h2>\u0412\u0445\u043e\u0434<\/h2>\n\n\t\t<form class=\"woocommerce-form woocommerce-form-login login\" method=\"post\" novalidate>\n\n\t\t\t\n\t\t\t<p class=\"woocommerce-form-row woocommerce-form-row--wide form-row form-row-wide\">\n\t\t\t\t<label for=\"username\">\u0418\u043c\u044f \u043f\u043e\u043b\u044c\u0437\u043e\u0432\u0430\u0442\u0435\u043b\u044f \u0438\u043b\u0438 Email&nbsp;<span class=\"required\" aria-hidden=\"true\">*<\/span><span class=\"screen-reader-text\">\u041e\u0431\u044f\u0437\u0430\u0442\u0435\u043b\u044c\u043d\u043e<\/span><\/label>\n\t\t\t\t<input type=\"text\" class=\"woocommerce-Input woocommerce-Input--text input-text\" name=\"username\" id=\"username\" autocomplete=\"username\" value=\"\" required aria-required=\"true\" \/>\t\t\t<\/p>\n\t\t\t<p class=\"woocommerce-form-row woocommerce-form-row--wide form-row form-row-wide\">\n\t\t\t\t<label for=\"password\">\u041f\u0430\u0440\u043e\u043b\u044c&nbsp;<span class=\"required\" aria-hidden=\"true\">*<\/span><span class=\"screen-reader-text\">\u041e\u0431\u044f\u0437\u0430\u0442\u0435\u043b\u044c\u043d\u043e<\/span><\/label>\n\t\t\t\t<input class=\"woocommerce-Input woocommerce-Input--text input-text\" type=\"password\" name=\"password\" id=\"password\" autocomplete=\"current-password\" required aria-required=\"true\" \/>\n\t\t\t<\/p>\n\n\t\t\t\n\t\t\t<p class=\"form-row\">\n\t\t\t\t<label class=\"woocommerce-form__label woocommerce-form__label-for-checkbox woocommerce-form-login__rememberme\">\n\t\t\t\t\t<input class=\"woocommerce-form__input woocommerce-form__input-checkbox\" name=\"rememberme\" type=\"checkbox\" id=\"rememberme\" value=\"forever\" \/> <span>\u0417\u0430\u043f\u043e\u043c\u043d\u0438\u0442\u044c \u043c\u0435\u043d\u044f<\/span>\n\t\t\t\t<\/label>\n\t\t\t\t<input type=\"hidden\" id=\"woocommerce-login-nonce\" name=\"woocommerce-login-nonce\" value=\"ad029db58f\" \/><input type=\"hidden\" name=\"_wp_http_referer\" value=\"\/ru\/wp-json\/wp\/v2\/pages\/3617\" \/>\t\t\t\t<button type=\"submit\" class=\"woocommerce-button button woocommerce-form-login__submit\" name=\"login\" value=\"\u0412\u043e\u0439\u0442\u0438\">\u0412\u043e\u0439\u0442\u0438<\/button>\n\t\t\t<\/p>\n\t\t\t<p class=\"woocommerce-LostPassword lost_password\">\n\t\t\t\t<a href=\"https:\/\/novusagalds.lv\/ru\/moj-profilj\/lost-password\/\">\u0417\u0430\u0431\u044b\u043b\u0438 \u0441\u0432\u043e\u0439 \u043f\u0430\u0440\u043e\u043b\u044c?<\/a>\n\t\t\t<\/p>\n\n\t\t\t\n\t\t<\/form>\n\n\n\t<\/div>\n\n\t<div class=\"u-column2 col-2\">\n\n\t\t<h2>\u0420\u0435\u0433\u0438\u0441\u0442\u0440\u0430\u0446\u0438\u044f<\/h2>\n\n\t\t<form method=\"post\" class=\"woocommerce-form woocommerce-form-register register\"  >\n\n\t\t\t\n\t\t\t\n\t\t\t<p class=\"woocommerce-form-row woocommerce-form-row--wide form-row form-row-wide\">\n\t\t\t\t<label for=\"reg_email\">E-\u043c\u0430\u0439\u043b&nbsp;<span class=\"required\" aria-hidden=\"true\">*<\/span><span class=\"screen-reader-text\">\u041e\u0431\u044f\u0437\u0430\u0442\u0435\u043b\u044c\u043d\u043e<\/span><\/label>\n\t\t\t\t<input type=\"email\" class=\"woocommerce-Input woocommerce-Input--text input-text\" name=\"email\" id=\"reg_email\" autocomplete=\"email\" value=\"\" required aria-required=\"true\" \/>\t\t\t<\/p>\n\n\t\t\t\n\t\t\t\t<p>\u0421\u0441\u044b\u043b\u043a\u0430 \u0434\u043b\u044f \u0443\u0441\u0442\u0430\u043d\u043e\u0432\u043a\u0438 \u043d\u043e\u0432\u043e\u0433\u043e \u043f\u0430\u0440\u043e\u043b\u044f \u0431\u0443\u0434\u0435\u0442 \u043e\u0442\u043f\u0440\u0430\u0432\u043b\u0435\u043d\u0430 \u200b\u200b\u043d\u0430 \u0432\u0430\u0448 \u0430\u0434\u0440\u0435\u0441 \u044d\u043b\u0435\u043a\u0442\u0440\u043e\u043d\u043d\u043e\u0439 \u043f\u043e\u0447\u0442\u044b.<\/p>\n\n\t\t\t\n\t\t\t<wc-order-attribution-inputs><\/wc-order-attribution-inputs><div class=\"woocommerce-privacy-policy-text\"><p>J\u016bsu sniegtie personas dati tiks apstr\u0101d\u0101ti, iev\u0113rojot Latvijas Republikas likum\u0101 \u201cPar personas datu aizsardz\u012bbu\u201d noteikt\u0101s pras\u012bbas, k\u0101 ar\u012b saska\u0146\u0101 ar citiem Latvijas Republikas ties\u012bbu aktiem, kas regul\u0113 \u0161o datu apstr\u0101di un aizsardz\u012bbu.<\/p>\n<\/div>\n\t\t\t<p class=\"woocommerce-form-row form-row\">\n\t\t\t\t<input type=\"hidden\" id=\"woocommerce-register-nonce\" name=\"woocommerce-register-nonce\" value=\"9e1b5ade9a\" \/><input type=\"hidden\" name=\"_wp_http_referer\" value=\"\/ru\/wp-json\/wp\/v2\/pages\/3617\" \/>\t\t\t\t<button type=\"submit\" class=\"woocommerce-Button woocommerce-button button woocommerce-form-register__submit\" name=\"register\" value=\"\u0420\u0435\u0433\u0438\u0441\u0442\u0440\u0430\u0446\u0438\u044f\">\u0420\u0435\u0433\u0438\u0441\u0442\u0440\u0430\u0446\u0438\u044f<\/button>\n\t\t\t<\/p>\n\n\t\t\t\n\t\t<\/form>\n\n\t<\/div>\n\n<\/div>\n\n<\/div>\n","protected":false},"excerpt":{"rendered":"\u0412\u0445\u043e\u0434 \u0418\u043c\u044f \u043f\u043e\u043b\u044c\u0437\u043e\u0432\u0430\u0442\u0435\u043b\u044f \u0438\u043b\u0438 Email&nbsp;*\u041e\u0431\u044f\u0437\u0430\u0442\u0435\u043b\u044c\u043d\u043e \u041f\u0430\u0440\u043e\u043b\u044c&nbsp;*\u041e\u0431\u044f\u0437\u0430\u0442\u0435\u043b\u044c\u043d\u043e \u0417\u0430\u043f\u043e\u043c\u043d\u0438\u0442\u044c \u043c\u0435\u043d\u044f \u0412\u043e\u0439\u0442\u0438 \u0417\u0430\u0431\u044b\u043b\u0438 \u0441\u0432\u043e\u0439 \u043f\u0430\u0440\u043e\u043b\u044c? \u0420\u0435\u0433\u0438\u0441\u0442\u0440\u0430\u0446\u0438\u044f E-\u043c\u0430\u0439\u043b&nbsp;*\u041e\u0431\u044f\u0437\u0430\u0442\u0435\u043b\u044c\u043d\u043e \u0421\u0441\u044b\u043b\u043a\u0430 \u0434\u043b\u044f \u0443\u0441\u0442\u0430\u043d\u043e\u0432\u043a\u0438 \u043d\u043e\u0432\u043e\u0433\u043e \u043f\u0430\u0440\u043e\u043b\u044f \u0431\u0443\u0434\u0435\u0442 \u043e\u0442\u043f\u0440\u0430\u0432\u043b\u0435\u043d\u0430 \u200b\u200b\u043d\u0430 [...]","protected":false},"author":1,"featured_media":0,"parent":0,"menu_order":0,"comment_status":"closed","ping_status":"closed","template":"","meta":{"footnotes":""},"class_list":["post-3617","page","type-page","status-publish","hentry"],"yoast_head":"<!-- This site is optimized with the Yoast SEO Premium plugin v27.1 (Yoast SEO v27.1.1) - https:\/\/yoast.com\/product\/yoast-seo-premium-wordpress\/ -->\n<title>\u041c\u043e\u0439 \u043f\u0440\u043e\u0444\u0438\u043b\u044c - Novusa galds<\/title>\n<meta name=\"robots\" content=\"index, follow, max-snippet:-1, max-image-preview:large, max-video-preview:-1\" \/>\n<link rel=\"canonical\" href=\"https:\/\/novusagalds.lv\/ru\/moj-profilj\/\" \/>\n<meta property=\"og:locale\" content=\"ru_RU\" \/>\n<meta property=\"og:type\" content=\"article\" \/>\n<meta property=\"og:title\" content=\"\u041c\u043e\u0439 \u043f\u0440\u043e\u0444\u0438\u043b\u044c\" \/>\n<meta property=\"og:url\" content=\"https:\/\/novusagalds.lv\/ru\/moj-profilj\/\" \/>\n<meta property=\"og:site_name\" content=\"Novusa galds\" \/>\n<meta property=\"article:modified_time\" content=\"2025-02-23T16:28:02+00:00\" \/>\n<meta name=\"twitter:card\" content=\"summary_large_image\" \/>\n<script type=\"application\/ld+json\" class=\"yoast-schema-graph\">{\"@context\":\"https:\/\/schema.org\",\"@graph\":[{\"@type\":\"WebPage\",\"@id\":\"https:\/\/novusagalds.lv\/ru\/moj-profilj\/\",\"url\":\"https:\/\/novusagalds.lv\/ru\/moj-profilj\/\",\"name\":\"\u041c\u043e\u0439 \u043f\u0440\u043e\u0444\u0438\u043b\u044c - Novusa galds\",\"isPartOf\":{\"@id\":\"https:\/\/novusagalds.lv\/ru\/#website\"},\"datePublished\":\"2017-04-17T03:04:11+00:00\",\"dateModified\":\"2025-02-23T16:28:02+00:00\",\"breadcrumb\":{\"@id\":\"https:\/\/novusagalds.lv\/ru\/moj-profilj\/#breadcrumb\"},\"inLanguage\":\"ru-RU\",\"potentialAction\":[{\"@type\":\"ReadAction\",\"target\":[\"https:\/\/novusagalds.lv\/ru\/moj-profilj\/\"]}]},{\"@type\":\"BreadcrumbList\",\"@id\":\"https:\/\/novusagalds.lv\/ru\/moj-profilj\/#breadcrumb\",\"itemListElement\":[{\"@type\":\"ListItem\",\"position\":1,\"name\":\"Home\",\"item\":\"https:\/\/novusagalds.lv\/ru\/\"},{\"@type\":\"ListItem\",\"position\":2,\"name\":\"\u041c\u043e\u0439 \u043f\u0440\u043e\u0444\u0438\u043b\u044c\"}]},{\"@type\":\"WebSite\",\"@id\":\"https:\/\/novusagalds.lv\/ru\/#website\",\"url\":\"https:\/\/novusagalds.lv\/ru\/\",\"name\":\"Novusa galds\",\"description\":\"\u0412 \u043d\u0430\u0448\u0435\u043c \u043c\u0430\u0433\u0430\u0437\u0438\u043d\u0435 \u0432\u044b \u043d\u0430\u0439\u0434\u0435\u0442\u0435 \u0432\u0441\u0451 \u043d\u0435\u043e\u0431\u0445\u043e\u0434\u0438\u043c\u043e\u0435 \u0434\u043b\u044f \u0437\u0430\u0445\u0432\u0430\u0442\u044b\u0432\u0430\u044e\u0449\u0435\u0439 \u0438\u0433\u0440\u044b \u0432 \u041d\u043e\u0432\u0443\u0441: \u043f\u0440\u043e\u0444\u0435\u0441\u0441\u0438\u043e\u043d\u0430\u043b\u044c\u043d\u044b\u0435 \u0438 \u043b\u044e\u0431\u0438\u0442\u0435\u043b\u044c\u0441\u043a\u0438\u0435 \u0441\u0442\u043e\u043b\u044b, \u043a\u0438\u0438, \u0444\u0438\u0448\u043a\u0438, \u0430\u043a\u0441\u0435\u0441\u0441\u0443\u0430\u0440\u044b \u0438 \u0441\u0440\u0435\u0434\u0441\u0442\u0432\u0430 \u0434\u043b\u044f \u0443\u0445\u043e\u0434\u0430. \u0412\u044b\u0441\u043e\u043a\u043e\u0435 \u043a\u0430\u0447\u0435\u0441\u0442\u0432\u043e, \u0434\u043e\u0441\u0442\u0443\u043f\u043d\u044b\u0435 \u0446\u0435\u043d\u044b \u0438 \u0434\u043e\u0441\u0442\u0430\u0432\u043a\u0430 \u043f\u043e \u0432\u0441\u0435\u043c\u0443 \u0411\u0430\u043b\u0442\u0438\u0439\u0441\u043a\u043e\u043c\u0443 \u0440\u0435\u0433\u0438\u043e\u043d\u0443. \u041d\u0430\u0447\u043d\u0438\u0442\u0435 \u0441\u0432\u043e\u044e \u0438\u0433\u0440\u0443 \u0441 \u043d\u0430\u043c\u0438!\",\"potentialAction\":[{\"@type\":\"SearchAction\",\"target\":{\"@type\":\"EntryPoint\",\"urlTemplate\":\"https:\/\/novusagalds.lv\/ru\/?s={search_term_string}\"},\"query-input\":{\"@type\":\"PropertyValueSpecification\",\"valueRequired\":true,\"valueName\":\"search_term_string\"}}],\"inLanguage\":\"ru-RU\"}]}<\/script>\n<!-- \/ Yoast SEO Premium plugin. -->","yoast_head_json":{"title":"\u041c\u043e\u0439 \u043f\u0440\u043e\u0444\u0438\u043b\u044c - Novusa galds","robots":{"index":"index","follow":"follow","max-snippet":"max-snippet:-1","max-image-preview":"max-image-preview:large","max-video-preview":"max-video-preview:-1"},"canonical":"https:\/\/novusagalds.lv\/ru\/moj-profilj\/","og_locale":"ru_RU","og_type":"article","og_title":"\u041c\u043e\u0439 \u043f\u0440\u043e\u0444\u0438\u043b\u044c","og_url":"https:\/\/novusagalds.lv\/ru\/moj-profilj\/","og_site_name":"Novusa galds","article_modified_time":"2025-02-23T16:28:02+00:00","twitter_card":"summary_large_image","schema":{"@context":"https:\/\/schema.org","@graph":[{"@type":"WebPage","@id":"https:\/\/novusagalds.lv\/ru\/moj-profilj\/","url":"https:\/\/novusagalds.lv\/ru\/moj-profilj\/","name":"\u041c\u043e\u0439 \u043f\u0440\u043e\u0444\u0438\u043b\u044c - Novusa galds","isPartOf":{"@id":"https:\/\/novusagalds.lv\/ru\/#website"},"datePublished":"2017-04-17T03:04:11+00:00","dateModified":"2025-02-23T16:28:02+00:00","breadcrumb":{"@id":"https:\/\/novusagalds.lv\/ru\/moj-profilj\/#breadcrumb"},"inLanguage":"ru-RU","potentialAction":[{"@type":"ReadAction","target":["https:\/\/novusagalds.lv\/ru\/moj-profilj\/"]}]},{"@type":"BreadcrumbList","@id":"https:\/\/novusagalds.lv\/ru\/moj-profilj\/#breadcrumb","itemListElement":[{"@type":"ListItem","position":1,"name":"Home","item":"https:\/\/novusagalds.lv\/ru\/"},{"@type":"ListItem","position":2,"name":"\u041c\u043e\u0439 \u043f\u0440\u043e\u0444\u0438\u043b\u044c"}]},{"@type":"WebSite","@id":"https:\/\/novusagalds.lv\/ru\/#website","url":"https:\/\/novusagalds.lv\/ru\/","name":"Novusa galds","description":"\u0412 \u043d\u0430\u0448\u0435\u043c \u043c\u0430\u0433\u0430\u0437\u0438\u043d\u0435 \u0432\u044b \u043d\u0430\u0439\u0434\u0435\u0442\u0435 \u0432\u0441\u0451 \u043d\u0435\u043e\u0431\u0445\u043e\u0434\u0438\u043c\u043e\u0435 \u0434\u043b\u044f \u0437\u0430\u0445\u0432\u0430\u0442\u044b\u0432\u0430\u044e\u0449\u0435\u0439 \u0438\u0433\u0440\u044b \u0432 \u041d\u043e\u0432\u0443\u0441: \u043f\u0440\u043e\u0444\u0435\u0441\u0441\u0438\u043e\u043d\u0430\u043b\u044c\u043d\u044b\u0435 \u0438 \u043b\u044e\u0431\u0438\u0442\u0435\u043b\u044c\u0441\u043a\u0438\u0435 \u0441\u0442\u043e\u043b\u044b, \u043a\u0438\u0438, \u0444\u0438\u0448\u043a\u0438, \u0430\u043a\u0441\u0435\u0441\u0441\u0443\u0430\u0440\u044b \u0438 \u0441\u0440\u0435\u0434\u0441\u0442\u0432\u0430 \u0434\u043b\u044f \u0443\u0445\u043e\u0434\u0430. \u0412\u044b\u0441\u043e\u043a\u043e\u0435 \u043a\u0430\u0447\u0435\u0441\u0442\u0432\u043e, \u0434\u043e\u0441\u0442\u0443\u043f\u043d\u044b\u0435 \u0446\u0435\u043d\u044b \u0438 \u0434\u043e\u0441\u0442\u0430\u0432\u043a\u0430 \u043f\u043e \u0432\u0441\u0435\u043c\u0443 \u0411\u0430\u043b\u0442\u0438\u0439\u0441\u043a\u043e\u043c\u0443 \u0440\u0435\u0433\u0438\u043e\u043d\u0443. \u041d\u0430\u0447\u043d\u0438\u0442\u0435 \u0441\u0432\u043e\u044e \u0438\u0433\u0440\u0443 \u0441 \u043d\u0430\u043c\u0438!","potentialAction":[{"@type":"SearchAction","target":{"@type":"EntryPoint","urlTemplate":"https:\/\/novusagalds.lv\/ru\/?s={search_term_string}"},"query-input":{"@type":"PropertyValueSpecification","valueRequired":true,"valueName":"search_term_string"}}],"inLanguage":"ru-RU"}]}},"_links":{"self":[{"href":"https:\/\/novusagalds.lv\/ru\/wp-json\/wp\/v2\/pages\/3617","targetHints":{"allow":["GET"]}}],"collection":[{"href":"https:\/\/novusagalds.lv\/ru\/wp-json\/wp\/v2\/pages"}],"about":[{"href":"https:\/\/novusagalds.lv\/ru\/wp-json\/wp\/v2\/types\/page"}],"author":[{"embeddable":true,"href":"https:\/\/novusagalds.lv\/ru\/wp-json\/wp\/v2\/users\/1"}],"replies":[{"embeddable":true,"href":"https:\/\/novusagalds.lv\/ru\/wp-json\/wp\/v2\/comments?post=3617"}],"version-history":[{"count":0,"href":"https:\/\/novusagalds.lv\/ru\/wp-json\/wp\/v2\/pages\/3617\/revisions"}],"wp:attachment":[{"href":"https:\/\/novusagalds.lv\/ru\/wp-json\/wp\/v2\/media?parent=3617"}],"curies":[{"name":"wp","href":"https:\/\/api.w.org\/{rel}","templated":true}]}}