{"id":7375,"date":"2025-11-16T14:11:06","date_gmt":"2025-11-16T12:11:06","guid":{"rendered":"https:\/\/novusagalds.lv\/atteikuma-tiesibas\/"},"modified":"2025-11-16T15:40:54","modified_gmt":"2025-11-16T13:40:54","slug":"poryadok-otkaza","status":"publish","type":"page","link":"https:\/\/novusagalds.lv\/ru\/poryadok-otkaza\/","title":{"rendered":"\u041f\u043e\u0440\u044f\u0434\u043e\u043a \u043e\u0442\u043a\u0430\u0437\u0430"},"content":{"rendered":"<div class=\"wpb-content-wrapper\"><p>[vc_row el_class=&#8221;my-wrap&#8221;][vc_column][vc_column_text css=&#8221;&#8221;]<\/p>\n<h3 class=\"att-head\">Inform\u0101cija par atteikuma ties\u012bb\u0101m<\/h3>\n<p class=\"main-txt\">Saska\u0146\u0101 ar Latvijas Republikas Ministru kabineta noteikumu Nr.255 \u201cNoteikumi par distances l\u012bgumu\u201d 19.punktu pat\u0113r\u0113t\u0101js var izmantot atteikuma ties\u012bbas un vienpus\u0113ji atk\u0101pties no l\u012bguma un atgriezt ieg\u0101d\u0101to preci atpaka\u013c p\u0101rdev\u0113jam 14 kalend\u0101ro dienu laik\u0101 no pirkuma izdar\u012b\u0161anas br\u012b\u017ea.<\/p>\n<p class=\"main-txt\">Lai izmantotu atteikuma ties\u012bbas, Jums ar pazi\u0146ojumu par l\u0113mumu atteikties no iepriek\u0161 min\u0113t\u0101 distances l\u012bguma ir j\u0101inform\u0113 SIA Novusa galds elektroniski, nos\u016btot iesniegumu vai atteikuma veidlapu (atteikuma veidlapa lejupiel\u0101dei pieejama \u0161eit <a href=\"https:\/\/novusagalds.lv\/wp-content\/uploads\/2025\/11\/Atteikuma_veidlapa-Novusagalds.lv_.doc\">Atteikuma_veidlapa Novusagalds.lv<\/a>) uz elektronisk\u0101 pasta adresi info@novusagalds.lv vai rakstveid\u0101, nos\u016btot iesniegumu vai atteikuma veidlapu uz adresi Meir\u0101nu iela 4, R\u012bga, LV-1073, Latvija. Pat\u0113r\u0113t\u0101ju ties\u012bbu aizsardz\u012bbas likuma normas neattiecas uz pirkumiem, ko veiku\u0161as juridisk\u0101s personas.<\/p>\n<p class=\"main-txt\">Pat\u0113r\u0113t\u0101ja pien\u0101kums ir 7 (septi\u0146u) dienu laik\u0101 no atteikuma veidlapas vai iesnieguma nos\u016bt\u012b\u0161anas atgriezt preci p\u0101rdev\u0113jam atpaka\u013c Meir\u0101nu iela 4, R\u012bga, LV-1073. P\u0113c preces atgrie\u0161anas P\u0101rdev\u0113js nov\u0113rt\u0113 preces atgrie\u0161anas st\u0101vokli un sagatavo dokumentu par naudas l\u012bdzek\u013cu atgrie\u0161anu un nos\u016bta to atbildes veid\u0101 elektroniski vai uz nor\u0101d\u012bto adresi.<\/p>\n<p class=\"main-txt\">Naudas atmaksu P\u0101rdev\u0113js veiks 14 dienu laik\u0101 p\u0113c atteikuma pieteikuma sa\u0146em\u0161anas, bet ne pirms P\u0101rdev\u0113js ir sa\u0146\u0113mis atgriezto preci vai pirms Pat\u0113r\u0113t\u0101js ir pier\u0101d\u012bjis, ka ir nos\u016bt\u012bjis atpaka\u013c atdot\u0101s preces. Ja Pat\u0113r\u0113t\u0101js izmanto atteikuma ties\u012bbas, vi\u0146am ir ties\u012bbas sa\u0146emt atmaksu par vis\u0101m nodev\u0101m, par kur\u0101m P\u0101rdev\u0113jam nav pretenziju, ieskaitot pre\u010du pieg\u0101des izmaksas (ja t\u0101s tika pievienotas pas\u016bt\u012bjumam). Ja Pat\u0113r\u0113t\u0101js nav nor\u0101d\u012bjis cit\u0101di, nauda tiks atgriezta taj\u0101 bankas kont\u0101, kas nor\u0101d\u012bts atteikuma veidlap\u0101.<\/p>\n<h5 class=\"main-head cntr\">M\u016bsu ieteikumi<\/h5>\n<p class=\"main-txt\">Preces sa\u0146em\u0161anas br\u012bd\u012b p\u0101rliecinieties vai t\u0101 piln\u012bb\u0101 atbilst pas\u016bt\u012btajai \u2013 ra\u017eot\u0101js, modelis, kr\u0101sa, izm\u0113rs un citi b\u016btiski parametri.<\/p>\n<p class=\"main-txt\">Svar\u012bgi! Atteikuma ties\u012bbu izmanto\u0161anas termi\u0146\u0101 pat\u0113r\u0113t\u0101jam ir ties\u012bbas preci lietot tikt\u0101l, cikt\u0101l tas nepiecie\u0161ams preces p\u0101rbaudei (tikpat liel\u0101 m\u0113r\u0101, cik to var\u0113tu izdar\u012bt pirms preces ieg\u0101des parastaj\u0101 veikal\u0101). Izmantojot atteikuma ties\u012bbas, pat\u0113r\u0113t\u0101js ir atbild\u012bgs par preces lieto\u0161anu, kas p\u0101rsniedz preces p\u0101rbaudes nol\u016bkam paredz\u0113to, par t\u0101du preces lieto\u0161anu atteikuma ties\u012bbu izmanto\u0161anas termi\u0146\u0101, kas nav savienojama ar labas tic\u012bbas principu, k\u0101 ar\u012b par preces v\u0113rt\u012bbas, kvalit\u0101tes un dro\u0161uma samazin\u0101\u0161anos, kad prece ir boj\u0101ta, ir redzamas pavir\u0161as iztur\u0113\u0161an\u0101s sekas, piem\u0113ram, skr\u0101p\u0113jumi un taml\u012bdz\u012bgi defekti, ar\u012b ori\u0123in\u0101la iepakojuma boj\u0101jumi. \u0160\u0101dos gad\u012bjumos interneta veikals www.novusagalds.lv patur sev ties\u012bbas atteikt pirc\u0113jam preces atteikuma ties\u012bbu izmanto\u0161an\u0101 vai ar\u012b patur\u0113t kompens\u0101ciju!<\/p>\n<p class=\"main-txt\">Atteikuma ties\u012bbas nav sp\u0113k\u0101 precei, kura pieg\u0101d\u0101ta ar kurjerdienestu un kurai konstat\u0113ts skr\u0101p\u0113jums vai jebk\u0101ds cits meh\u0101nisks boj\u0101jums un tas nav nor\u0101d\u012bts uzreiz pie pre\u010du sa\u0146em\u0161anas.<\/p>\n<p class=\"main-txt\">Redzot k\u0101dus vizu\u0101li uzskat\u0101mus boj\u0101jumus iepakojumam, l\u016bdzam piepras\u012bt kurjeram tos atz\u012bm\u0113t pre\u010du pieg\u0101des pavadveidlap\u0101. Tas pal\u012bdz\u0113s \u0101tri rast risin\u0101jumu gad\u012bjum\u0101, ja ar\u012b pati prece tikusi boj\u0101ta pieg\u0101des laik\u0101!<\/p>\n<p class=\"main-txt\">Jums ir ties\u012bbas preci, kurai boj\u0101ts iepakojums vai liekas aizdom\u012bga, nepie\u0146emt jau preces pieg\u0101des br\u012bd\u012b.<\/p>\n<p class=\"main-txt\">P\u0101rbaudiet, ta\u010du nelietojiet preci.<\/p>\n<p class=\"main-txt\">Saglab\u0101jiet un nesaboj\u0101jiet preces ori\u0123in\u0101lo iepakojumu un komplekt\u0101ciju (aizl\u012bm\u0113tus plastik\u0101ta iepakojumus dr\u012bkst r\u016bp\u012bgi atv\u0113rt ar \u0161\u0137\u0113r\u0113m).<\/p>\n<p class=\"main-txt\">Ja pat\u0113r\u0113t\u0101js izmanto atteikuma ties\u012bbas un tas nav saist\u012bts ar attiec\u012bg\u0101s preces vai pakalpojuma neatbilst\u012bbu l\u012bguma noteikumiem, tad pat\u0113r\u0113t\u0101ja pien\u0101kums ir segt izmaksas, kas saist\u012btas ar preces nos\u016bt\u012b\u0161anu atpaka\u013c.<\/p>\n<p class=\"main-txt\">Pat\u0113r\u0113t\u0101jam prece j\u0101nog\u0101d\u0101 veikal\u0101 past\u0101v\u012bgi. Veikals neuzglab\u0101 pirkuma l\u012bgumu kopijas.<\/p>\n<h5 class=\"main-head cntr\">Citu s\u016bdz\u012bbu izskat\u012b\u0161anas k\u0101rt\u012bba<\/h5>\n<p class=\"main-txt\">S\u016bdz\u012bbu par pre\u010du pieejam\u012bbu vai kvalit\u0101ti l\u016bdzam iesniegt elektroniski, nos\u016btot uz elektronisk\u0101 pasta adresi info@novusagalds.lv vai rakstveid\u0101, nos\u016btot uz adresi Meir\u0101nu iela 4, R\u012bga, LV-1073, Latvija. P\u0101rdev\u0113js 7 darbdienu laik\u0101 no iesnieguma sa\u0146em\u0161anas dienas sniedz pat\u0113r\u0113t\u0101jam rakstveida atbildi uz iesniegumu, atbildi nos\u016btot uz s\u016bdz\u012bb\u0101 nor\u0101d\u012bto sazi\u0146as adresi, un inform\u0113 par iesp\u0113jamo pras\u012bjuma izpildes veidu vai str\u012bda risin\u0101jumu, ja min\u0113taj\u0101 laikposm\u0101 nav pan\u0101kta vieno\u0161an\u0101s par pat\u0113r\u0113t\u0101ja pras\u012bjuma izpildi vai alternat\u012bvu pras\u012bjuma izpildes veidu.<\/p>\n<p class=\"main-txt\">Ja s\u016bdz\u012bba tiks atz\u012bta par nepamatotu un J\u016bs s\u016bdz\u012bbas atz\u012b\u0161anai par nepamatotu nepiekrit\u012bsiet, Jums ir ties\u012bbas izmantot normat\u012bvajos aktos noteikt\u0101s alternat\u012bvo str\u012bdu risin\u0101\u0161anas iesp\u0113jas, iesniedzot preces p\u0101rdev\u0113jam rakstveida iesniegumu par \u0101rpustiesas str\u012bda risin\u0101\u0161anu.<\/p>\n<p>[\/vc_column_text][\/vc_column][\/vc_row]<\/p>\n<\/div>","protected":false},"excerpt":{"rendered":"<p>[vc_row el_class=&#8221;my-wrap&#8221;][vc_column][vc_column_text css=&#8221;&#8221;] Inform\u0101cija par atteikuma ties\u012bb\u0101m Saska\u0146\u0101 ar Latvijas Republikas Ministru kabineta noteikumu Nr.255 \u201cNoteikumi par distances l\u012bgumu\u201d 19.punktu pat\u0113r\u0113t\u0101js var [&hellip;]<\/p>\n","protected":false},"author":1,"featured_media":0,"parent":0,"menu_order":0,"comment_status":"closed","ping_status":"closed","template":"","meta":{"footnotes":""},"class_list":["post-7375","page","type-page","status-publish","hentry"],"yoast_head":"<!-- This site is optimized with the Yoast SEO Premium plugin v27.1 (Yoast SEO v27.1.1) - https:\/\/yoast.com\/product\/yoast-seo-premium-wordpress\/ -->\n<title>\u041f\u043e\u0440\u044f\u0434\u043e\u043a \u043e\u0442\u043a\u0430\u0437\u0430 - Novusa galds<\/title>\n<meta name=\"robots\" content=\"index, follow, max-snippet:-1, max-image-preview:large, max-video-preview:-1\" \/>\n<link rel=\"canonical\" href=\"https:\/\/novusagalds.lv\/ru\/poryadok-otkaza\/\" \/>\n<meta property=\"og:locale\" content=\"ru_RU\" \/>\n<meta property=\"og:type\" content=\"article\" \/>\n<meta property=\"og:title\" content=\"\u041f\u043e\u0440\u044f\u0434\u043e\u043a \u043e\u0442\u043a\u0430\u0437\u0430\" \/>\n<meta property=\"og:description\" content=\"[vc_row el_class=&#8221;my-wrap&#8221;][vc_column][vc_column_text css=&#8221;&#8221;] Inform\u0101cija par atteikuma ties\u012bb\u0101m Saska\u0146\u0101 ar Latvijas Republikas Ministru kabineta noteikumu Nr.255 \u201cNoteikumi par distances l\u012bgumu\u201d 19.punktu pat\u0113r\u0113t\u0101js var [&hellip;]\" \/>\n<meta property=\"og:url\" content=\"https:\/\/novusagalds.lv\/ru\/poryadok-otkaza\/\" \/>\n<meta property=\"og:site_name\" content=\"Novusa galds\" \/>\n<meta property=\"article:modified_time\" content=\"2025-11-16T13:40:54+00:00\" \/>\n<meta name=\"twitter:card\" content=\"summary_large_image\" \/>\n<meta name=\"twitter:label1\" content=\"\u041f\u0440\u0438\u043c\u0435\u0440\u043d\u043e\u0435 \u0432\u0440\u0435\u043c\u044f \u0434\u043b\u044f \u0447\u0442\u0435\u043d\u0438\u044f\" \/>\n\t<meta name=\"twitter:data1\" content=\"4 \u043c\u0438\u043d\u0443\u0442\u044b\" \/>\n<script type=\"application\/ld+json\" class=\"yoast-schema-graph\">{\"@context\":\"https:\/\/schema.org\",\"@graph\":[{\"@type\":\"WebPage\",\"@id\":\"https:\/\/novusagalds.lv\/ru\/poryadok-otkaza\/\",\"url\":\"https:\/\/novusagalds.lv\/ru\/poryadok-otkaza\/\",\"name\":\"\u041f\u043e\u0440\u044f\u0434\u043e\u043a \u043e\u0442\u043a\u0430\u0437\u0430 - Novusa galds\",\"isPartOf\":{\"@id\":\"https:\/\/novusagalds.lv\/ru\/#website\"},\"datePublished\":\"2025-11-16T12:11:06+00:00\",\"dateModified\":\"2025-11-16T13:40:54+00:00\",\"breadcrumb\":{\"@id\":\"https:\/\/novusagalds.lv\/ru\/poryadok-otkaza\/#breadcrumb\"},\"inLanguage\":\"ru-RU\",\"potentialAction\":[{\"@type\":\"ReadAction\",\"target\":[\"https:\/\/novusagalds.lv\/ru\/poryadok-otkaza\/\"]}]},{\"@type\":\"BreadcrumbList\",\"@id\":\"https:\/\/novusagalds.lv\/ru\/poryadok-otkaza\/#breadcrumb\",\"itemListElement\":[{\"@type\":\"ListItem\",\"position\":1,\"name\":\"Home\",\"item\":\"https:\/\/novusagalds.lv\/ru\/\"},{\"@type\":\"ListItem\",\"position\":2,\"name\":\"\u041f\u043e\u0440\u044f\u0434\u043e\u043a \u043e\u0442\u043a\u0430\u0437\u0430\"}]},{\"@type\":\"WebSite\",\"@id\":\"https:\/\/novusagalds.lv\/ru\/#website\",\"url\":\"https:\/\/novusagalds.lv\/ru\/\",\"name\":\"Novusa galds\",\"description\":\"\u0412 \u043d\u0430\u0448\u0435\u043c \u043c\u0430\u0433\u0430\u0437\u0438\u043d\u0435 \u0432\u044b \u043d\u0430\u0439\u0434\u0435\u0442\u0435 \u0432\u0441\u0451 \u043d\u0435\u043e\u0431\u0445\u043e\u0434\u0438\u043c\u043e\u0435 \u0434\u043b\u044f \u0437\u0430\u0445\u0432\u0430\u0442\u044b\u0432\u0430\u044e\u0449\u0435\u0439 \u0438\u0433\u0440\u044b \u0432 \u041d\u043e\u0432\u0443\u0441: \u043f\u0440\u043e\u0444\u0435\u0441\u0441\u0438\u043e\u043d\u0430\u043b\u044c\u043d\u044b\u0435 \u0438 \u043b\u044e\u0431\u0438\u0442\u0435\u043b\u044c\u0441\u043a\u0438\u0435 \u0441\u0442\u043e\u043b\u044b, \u043a\u0438\u0438, \u0444\u0438\u0448\u043a\u0438, \u0430\u043a\u0441\u0435\u0441\u0441\u0443\u0430\u0440\u044b \u0438 \u0441\u0440\u0435\u0434\u0441\u0442\u0432\u0430 \u0434\u043b\u044f \u0443\u0445\u043e\u0434\u0430. \u0412\u044b\u0441\u043e\u043a\u043e\u0435 \u043a\u0430\u0447\u0435\u0441\u0442\u0432\u043e, \u0434\u043e\u0441\u0442\u0443\u043f\u043d\u044b\u0435 \u0446\u0435\u043d\u044b \u0438 \u0434\u043e\u0441\u0442\u0430\u0432\u043a\u0430 \u043f\u043e \u0432\u0441\u0435\u043c\u0443 \u0411\u0430\u043b\u0442\u0438\u0439\u0441\u043a\u043e\u043c\u0443 \u0440\u0435\u0433\u0438\u043e\u043d\u0443. \u041d\u0430\u0447\u043d\u0438\u0442\u0435 \u0441\u0432\u043e\u044e \u0438\u0433\u0440\u0443 \u0441 \u043d\u0430\u043c\u0438!\",\"potentialAction\":[{\"@type\":\"SearchAction\",\"target\":{\"@type\":\"EntryPoint\",\"urlTemplate\":\"https:\/\/novusagalds.lv\/ru\/?s={search_term_string}\"},\"query-input\":{\"@type\":\"PropertyValueSpecification\",\"valueRequired\":true,\"valueName\":\"search_term_string\"}}],\"inLanguage\":\"ru-RU\"}]}<\/script>\n<!-- \/ Yoast SEO Premium plugin. -->","yoast_head_json":{"title":"\u041f\u043e\u0440\u044f\u0434\u043e\u043a \u043e\u0442\u043a\u0430\u0437\u0430 - Novusa galds","robots":{"index":"index","follow":"follow","max-snippet":"max-snippet:-1","max-image-preview":"max-image-preview:large","max-video-preview":"max-video-preview:-1"},"canonical":"https:\/\/novusagalds.lv\/ru\/poryadok-otkaza\/","og_locale":"ru_RU","og_type":"article","og_title":"\u041f\u043e\u0440\u044f\u0434\u043e\u043a \u043e\u0442\u043a\u0430\u0437\u0430","og_description":"[vc_row el_class=&#8221;my-wrap&#8221;][vc_column][vc_column_text css=&#8221;&#8221;] Inform\u0101cija par atteikuma ties\u012bb\u0101m Saska\u0146\u0101 ar Latvijas Republikas Ministru kabineta noteikumu Nr.255 \u201cNoteikumi par distances l\u012bgumu\u201d 19.punktu pat\u0113r\u0113t\u0101js var [&hellip;]","og_url":"https:\/\/novusagalds.lv\/ru\/poryadok-otkaza\/","og_site_name":"Novusa galds","article_modified_time":"2025-11-16T13:40:54+00:00","twitter_card":"summary_large_image","twitter_misc":{"\u041f\u0440\u0438\u043c\u0435\u0440\u043d\u043e\u0435 \u0432\u0440\u0435\u043c\u044f \u0434\u043b\u044f \u0447\u0442\u0435\u043d\u0438\u044f":"4 \u043c\u0438\u043d\u0443\u0442\u044b"},"schema":{"@context":"https:\/\/schema.org","@graph":[{"@type":"WebPage","@id":"https:\/\/novusagalds.lv\/ru\/poryadok-otkaza\/","url":"https:\/\/novusagalds.lv\/ru\/poryadok-otkaza\/","name":"\u041f\u043e\u0440\u044f\u0434\u043e\u043a \u043e\u0442\u043a\u0430\u0437\u0430 - Novusa galds","isPartOf":{"@id":"https:\/\/novusagalds.lv\/ru\/#website"},"datePublished":"2025-11-16T12:11:06+00:00","dateModified":"2025-11-16T13:40:54+00:00","breadcrumb":{"@id":"https:\/\/novusagalds.lv\/ru\/poryadok-otkaza\/#breadcrumb"},"inLanguage":"ru-RU","potentialAction":[{"@type":"ReadAction","target":["https:\/\/novusagalds.lv\/ru\/poryadok-otkaza\/"]}]},{"@type":"BreadcrumbList","@id":"https:\/\/novusagalds.lv\/ru\/poryadok-otkaza\/#breadcrumb","itemListElement":[{"@type":"ListItem","position":1,"name":"Home","item":"https:\/\/novusagalds.lv\/ru\/"},{"@type":"ListItem","position":2,"name":"\u041f\u043e\u0440\u044f\u0434\u043e\u043a \u043e\u0442\u043a\u0430\u0437\u0430"}]},{"@type":"WebSite","@id":"https:\/\/novusagalds.lv\/ru\/#website","url":"https:\/\/novusagalds.lv\/ru\/","name":"Novusa galds","description":"\u0412 \u043d\u0430\u0448\u0435\u043c \u043c\u0430\u0433\u0430\u0437\u0438\u043d\u0435 \u0432\u044b \u043d\u0430\u0439\u0434\u0435\u0442\u0435 \u0432\u0441\u0451 \u043d\u0435\u043e\u0431\u0445\u043e\u0434\u0438\u043c\u043e\u0435 \u0434\u043b\u044f \u0437\u0430\u0445\u0432\u0430\u0442\u044b\u0432\u0430\u044e\u0449\u0435\u0439 \u0438\u0433\u0440\u044b \u0432 \u041d\u043e\u0432\u0443\u0441: \u043f\u0440\u043e\u0444\u0435\u0441\u0441\u0438\u043e\u043d\u0430\u043b\u044c\u043d\u044b\u0435 \u0438 \u043b\u044e\u0431\u0438\u0442\u0435\u043b\u044c\u0441\u043a\u0438\u0435 \u0441\u0442\u043e\u043b\u044b, \u043a\u0438\u0438, \u0444\u0438\u0448\u043a\u0438, \u0430\u043a\u0441\u0435\u0441\u0441\u0443\u0430\u0440\u044b \u0438 \u0441\u0440\u0435\u0434\u0441\u0442\u0432\u0430 \u0434\u043b\u044f \u0443\u0445\u043e\u0434\u0430. \u0412\u044b\u0441\u043e\u043a\u043e\u0435 \u043a\u0430\u0447\u0435\u0441\u0442\u0432\u043e, \u0434\u043e\u0441\u0442\u0443\u043f\u043d\u044b\u0435 \u0446\u0435\u043d\u044b \u0438 \u0434\u043e\u0441\u0442\u0430\u0432\u043a\u0430 \u043f\u043e \u0432\u0441\u0435\u043c\u0443 \u0411\u0430\u043b\u0442\u0438\u0439\u0441\u043a\u043e\u043c\u0443 \u0440\u0435\u0433\u0438\u043e\u043d\u0443. \u041d\u0430\u0447\u043d\u0438\u0442\u0435 \u0441\u0432\u043e\u044e \u0438\u0433\u0440\u0443 \u0441 \u043d\u0430\u043c\u0438!","potentialAction":[{"@type":"SearchAction","target":{"@type":"EntryPoint","urlTemplate":"https:\/\/novusagalds.lv\/ru\/?s={search_term_string}"},"query-input":{"@type":"PropertyValueSpecification","valueRequired":true,"valueName":"search_term_string"}}],"inLanguage":"ru-RU"}]}},"_links":{"self":[{"href":"https:\/\/novusagalds.lv\/ru\/wp-json\/wp\/v2\/pages\/7375","targetHints":{"allow":["GET"]}}],"collection":[{"href":"https:\/\/novusagalds.lv\/ru\/wp-json\/wp\/v2\/pages"}],"about":[{"href":"https:\/\/novusagalds.lv\/ru\/wp-json\/wp\/v2\/types\/page"}],"author":[{"embeddable":true,"href":"https:\/\/novusagalds.lv\/ru\/wp-json\/wp\/v2\/users\/1"}],"replies":[{"embeddable":true,"href":"https:\/\/novusagalds.lv\/ru\/wp-json\/wp\/v2\/comments?post=7375"}],"version-history":[{"count":2,"href":"https:\/\/novusagalds.lv\/ru\/wp-json\/wp\/v2\/pages\/7375\/revisions"}],"predecessor-version":[{"id":7384,"href":"https:\/\/novusagalds.lv\/ru\/wp-json\/wp\/v2\/pages\/7375\/revisions\/7384"}],"wp:attachment":[{"href":"https:\/\/novusagalds.lv\/ru\/wp-json\/wp\/v2\/media?parent=7375"}],"curies":[{"name":"wp","href":"https:\/\/api.w.org\/{rel}","templated":true}]}}