{"id":6209,"date":"2025-03-14T16:44:51","date_gmt":"2025-03-14T14:44:51","guid":{"rendered":"https:\/\/novusagalds.lv\/shop\/uncategorized\/liela-ripa-berza-sarkana\/"},"modified":"2025-04-19T00:16:16","modified_gmt":"2025-04-18T22:16:16","slug":"bita-novusa-bereza-krasnyj","status":"publish","type":"product","link":"https:\/\/novusagalds.lv\/ru\/magazin\/peshki-novusa\/bita-novusa-bereza-krasnyj\/","title":{"rendered":"\u0411\u0438\u0442\u0430 \u041d\u043e\u0432\u0443\u0441\u0430, \u0431\u0435\u0440\u0435\u0437\u0430, \u043a\u0440\u0430\u0441\u043d\u044b\u0439"},"content":{"rendered":"<p>\u041c\u0430\u0442\u0435\u0440\u0438\u0430\u043b &#8211; \u0431\u0435\u0440\u0451\u0437\u0430<br \/>\n\u041a\u0440\u0430\u0441\u043d\u044b\u0439 \u0446\u0432\u0435\u0442<br \/>\n\u0432\u0435\u0441 &#8211; 13\u0433<\/p>\n","protected":false},"excerpt":{"rendered":"<p>\u041c\u0430\u0442\u0435\u0440\u0438\u0430\u043b &#8211; \u0431\u0435\u0440\u0451\u0437\u0430 \u041a\u0440\u0430\u0441\u043d\u044b\u0439 \u0446\u0432\u0435\u0442 \u0432\u0435\u0441 &#8211; 13\u0433<\/p>\n","protected":false},"featured_media":6753,"template":"","meta":[],"product_brand":[],"product_cat":[256],"product_tag":[],"class_list":{"0":"post-6209","1":"product","2":"type-product","3":"status-publish","4":"has-post-thumbnail","6":"product_cat-peshki-novusa","7":"product_shipping_class-pakomats-s-ru","9":"first","10":"instock","11":"purchasable","12":"product-type-simple"},"yoast_head":"<!-- This site is optimized with the Yoast SEO Premium plugin v27.1 (Yoast SEO v27.1.1) - https:\/\/yoast.com\/product\/yoast-seo-premium-wordpress\/ -->\n<title>\u0411\u0438\u0442\u0430 \u041d\u043e\u0432\u0443\u0441\u0430, \u0431\u0435\u0440\u0435\u0437\u0430, \u043a\u0440\u0430\u0441\u043d\u044b\u0439 - Novusa galds<\/title>\n<meta name=\"description\" content=\"Novusa liel\u0101 ripa B\u0113rza sarkana - 1.50EUR, svars 13g, novusa mamma, novusa govs, b\u0113rzs\" \/>\n<meta name=\"robots\" content=\"index, follow, max-snippet:-1, max-image-preview:large, max-video-preview:-1\" \/>\n<link rel=\"canonical\" href=\"https:\/\/novusagalds.lv\/ru\/magazin\/peshki-novusa\/bita-novusa-bereza-krasnyj\/\" \/>\n<meta property=\"og:locale\" content=\"ru_RU\" \/>\n<meta property=\"og:type\" content=\"article\" \/>\n<meta property=\"og:title\" content=\"\u0411\u0438\u0442\u0430 \u041d\u043e\u0432\u0443\u0441\u0430, \u0431\u0435\u0440\u0435\u0437\u0430, \u043a\u0440\u0430\u0441\u043d\u044b\u0439\" \/>\n<meta property=\"og:description\" content=\"Novusa liel\u0101 ripa B\u0113rza sarkana - 1.50EUR, svars 13g, novusa mamma, novusa govs, b\u0113rzs\" \/>\n<meta property=\"og:url\" content=\"https:\/\/novusagalds.lv\/ru\/magazin\/peshki-novusa\/bita-novusa-bereza-krasnyj\/\" \/>\n<meta property=\"og:site_name\" content=\"Novusa galds\" \/>\n<meta property=\"article:modified_time\" content=\"2025-04-18T22:16:16+00:00\" \/>\n<meta property=\"og:image\" content=\"https:\/\/novusagalds.lv\/wp-content\/uploads\/2025\/03\/sarkans.jpg\" \/>\n\t<meta property=\"og:image:width\" content=\"1000\" \/>\n\t<meta property=\"og:image:height\" content=\"1000\" \/>\n\t<meta property=\"og:image:type\" content=\"image\/jpeg\" \/>\n<meta name=\"twitter:card\" content=\"summary_large_image\" \/>\n<meta name=\"twitter:label1\" content=\"\u041f\u0440\u0438\u043c\u0435\u0440\u043d\u043e\u0435 \u0432\u0440\u0435\u043c\u044f \u0434\u043b\u044f \u0447\u0442\u0435\u043d\u0438\u044f\" \/>\n\t<meta name=\"twitter:data1\" content=\"1 \u043c\u0438\u043d\u0443\u0442\u0430\" \/>\n<script type=\"application\/ld+json\" class=\"yoast-schema-graph\">{\"@context\":\"https:\/\/schema.org\",\"@graph\":[{\"@type\":\"WebPage\",\"@id\":\"https:\/\/novusagalds.lv\/ru\/magazin\/peshki-novusa\/bita-novusa-bereza-krasnyj\/\",\"url\":\"https:\/\/novusagalds.lv\/ru\/magazin\/peshki-novusa\/bita-novusa-bereza-krasnyj\/\",\"name\":\"\u0411\u0438\u0442\u0430 \u041d\u043e\u0432\u0443\u0441\u0430, \u0431\u0435\u0440\u0435\u0437\u0430, \u043a\u0440\u0430\u0441\u043d\u044b\u0439 - Novusa galds\",\"isPartOf\":{\"@id\":\"https:\/\/novusagalds.lv\/ru\/#website\"},\"primaryImageOfPage\":{\"@id\":\"https:\/\/novusagalds.lv\/ru\/magazin\/peshki-novusa\/bita-novusa-bereza-krasnyj\/#primaryimage\"},\"image\":{\"@id\":\"https:\/\/novusagalds.lv\/ru\/magazin\/peshki-novusa\/bita-novusa-bereza-krasnyj\/#primaryimage\"},\"thumbnailUrl\":\"https:\/\/novusagalds.lv\/wp-content\/uploads\/2025\/03\/sarkans.jpg\",\"datePublished\":\"2025-03-14T14:44:51+00:00\",\"dateModified\":\"2025-04-18T22:16:16+00:00\",\"description\":\"Novusa liel\u0101 ripa B\u0113rza sarkana - 1.50EUR, svars 13g, novusa mamma, novusa govs, b\u0113rzs\",\"breadcrumb\":{\"@id\":\"https:\/\/novusagalds.lv\/ru\/magazin\/peshki-novusa\/bita-novusa-bereza-krasnyj\/#breadcrumb\"},\"inLanguage\":\"ru-RU\",\"potentialAction\":[{\"@type\":\"ReadAction\",\"target\":[\"https:\/\/novusagalds.lv\/ru\/magazin\/peshki-novusa\/bita-novusa-bereza-krasnyj\/\"]}]},{\"@type\":\"ImageObject\",\"inLanguage\":\"ru-RU\",\"@id\":\"https:\/\/novusagalds.lv\/ru\/magazin\/peshki-novusa\/bita-novusa-bereza-krasnyj\/#primaryimage\",\"url\":\"https:\/\/novusagalds.lv\/wp-content\/uploads\/2025\/03\/sarkans.jpg\",\"contentUrl\":\"https:\/\/novusagalds.lv\/wp-content\/uploads\/2025\/03\/sarkans.jpg\",\"width\":1000,\"height\":1000},{\"@type\":\"BreadcrumbList\",\"@id\":\"https:\/\/novusagalds.lv\/ru\/magazin\/peshki-novusa\/bita-novusa-bereza-krasnyj\/#breadcrumb\",\"itemListElement\":[{\"@type\":\"ListItem\",\"position\":1,\"name\":\"Home\",\"item\":\"https:\/\/novusagalds.lv\/ru\/\"},{\"@type\":\"ListItem\",\"position\":2,\"name\":\"\u041c\u0430\u0433\u0430\u0437\u0438\u043d\",\"item\":\"https:\/\/novusagalds.lv\/ru\/magazin\/\"},{\"@type\":\"ListItem\",\"position\":3,\"name\":\"\u0411\u0438\u0442\u0430 \u041d\u043e\u0432\u0443\u0441\u0430, \u0431\u0435\u0440\u0435\u0437\u0430, \u043a\u0440\u0430\u0441\u043d\u044b\u0439\"}]},{\"@type\":\"WebSite\",\"@id\":\"https:\/\/novusagalds.lv\/ru\/#website\",\"url\":\"https:\/\/novusagalds.lv\/ru\/\",\"name\":\"Novusa galds\",\"description\":\"\u0412 \u043d\u0430\u0448\u0435\u043c \u043c\u0430\u0433\u0430\u0437\u0438\u043d\u0435 \u0432\u044b \u043d\u0430\u0439\u0434\u0435\u0442\u0435 \u0432\u0441\u0451 \u043d\u0435\u043e\u0431\u0445\u043e\u0434\u0438\u043c\u043e\u0435 \u0434\u043b\u044f \u0437\u0430\u0445\u0432\u0430\u0442\u044b\u0432\u0430\u044e\u0449\u0435\u0439 \u0438\u0433\u0440\u044b \u0432 \u041d\u043e\u0432\u0443\u0441: \u043f\u0440\u043e\u0444\u0435\u0441\u0441\u0438\u043e\u043d\u0430\u043b\u044c\u043d\u044b\u0435 \u0438 \u043b\u044e\u0431\u0438\u0442\u0435\u043b\u044c\u0441\u043a\u0438\u0435 \u0441\u0442\u043e\u043b\u044b, \u043a\u0438\u0438, \u0444\u0438\u0448\u043a\u0438, \u0430\u043a\u0441\u0435\u0441\u0441\u0443\u0430\u0440\u044b \u0438 \u0441\u0440\u0435\u0434\u0441\u0442\u0432\u0430 \u0434\u043b\u044f \u0443\u0445\u043e\u0434\u0430. \u0412\u044b\u0441\u043e\u043a\u043e\u0435 \u043a\u0430\u0447\u0435\u0441\u0442\u0432\u043e, \u0434\u043e\u0441\u0442\u0443\u043f\u043d\u044b\u0435 \u0446\u0435\u043d\u044b \u0438 \u0434\u043e\u0441\u0442\u0430\u0432\u043a\u0430 \u043f\u043e \u0432\u0441\u0435\u043c\u0443 \u0411\u0430\u043b\u0442\u0438\u0439\u0441\u043a\u043e\u043c\u0443 \u0440\u0435\u0433\u0438\u043e\u043d\u0443. \u041d\u0430\u0447\u043d\u0438\u0442\u0435 \u0441\u0432\u043e\u044e \u0438\u0433\u0440\u0443 \u0441 \u043d\u0430\u043c\u0438!\",\"potentialAction\":[{\"@type\":\"SearchAction\",\"target\":{\"@type\":\"EntryPoint\",\"urlTemplate\":\"https:\/\/novusagalds.lv\/ru\/?s={search_term_string}\"},\"query-input\":{\"@type\":\"PropertyValueSpecification\",\"valueRequired\":true,\"valueName\":\"search_term_string\"}}],\"inLanguage\":\"ru-RU\"}]}<\/script>\n<!-- \/ Yoast SEO Premium plugin. -->","yoast_head_json":{"title":"\u0411\u0438\u0442\u0430 \u041d\u043e\u0432\u0443\u0441\u0430, \u0431\u0435\u0440\u0435\u0437\u0430, \u043a\u0440\u0430\u0441\u043d\u044b\u0439 - Novusa galds","description":"Novusa liel\u0101 ripa B\u0113rza sarkana - 1.50EUR, svars 13g, novusa mamma, novusa govs, b\u0113rzs","robots":{"index":"index","follow":"follow","max-snippet":"max-snippet:-1","max-image-preview":"max-image-preview:large","max-video-preview":"max-video-preview:-1"},"canonical":"https:\/\/novusagalds.lv\/ru\/magazin\/peshki-novusa\/bita-novusa-bereza-krasnyj\/","og_locale":"ru_RU","og_type":"article","og_title":"\u0411\u0438\u0442\u0430 \u041d\u043e\u0432\u0443\u0441\u0430, \u0431\u0435\u0440\u0435\u0437\u0430, \u043a\u0440\u0430\u0441\u043d\u044b\u0439","og_description":"Novusa liel\u0101 ripa B\u0113rza sarkana - 1.50EUR, svars 13g, novusa mamma, novusa govs, b\u0113rzs","og_url":"https:\/\/novusagalds.lv\/ru\/magazin\/peshki-novusa\/bita-novusa-bereza-krasnyj\/","og_site_name":"Novusa galds","article_modified_time":"2025-04-18T22:16:16+00:00","og_image":[{"width":1000,"height":1000,"url":"https:\/\/novusagalds.lv\/wp-content\/uploads\/2025\/03\/sarkans.jpg","type":"image\/jpeg"}],"twitter_card":"summary_large_image","twitter_misc":{"\u041f\u0440\u0438\u043c\u0435\u0440\u043d\u043e\u0435 \u0432\u0440\u0435\u043c\u044f \u0434\u043b\u044f \u0447\u0442\u0435\u043d\u0438\u044f":"1 \u043c\u0438\u043d\u0443\u0442\u0430"},"schema":{"@context":"https:\/\/schema.org","@graph":[{"@type":"WebPage","@id":"https:\/\/novusagalds.lv\/ru\/magazin\/peshki-novusa\/bita-novusa-bereza-krasnyj\/","url":"https:\/\/novusagalds.lv\/ru\/magazin\/peshki-novusa\/bita-novusa-bereza-krasnyj\/","name":"\u0411\u0438\u0442\u0430 \u041d\u043e\u0432\u0443\u0441\u0430, \u0431\u0435\u0440\u0435\u0437\u0430, \u043a\u0440\u0430\u0441\u043d\u044b\u0439 - Novusa galds","isPartOf":{"@id":"https:\/\/novusagalds.lv\/ru\/#website"},"primaryImageOfPage":{"@id":"https:\/\/novusagalds.lv\/ru\/magazin\/peshki-novusa\/bita-novusa-bereza-krasnyj\/#primaryimage"},"image":{"@id":"https:\/\/novusagalds.lv\/ru\/magazin\/peshki-novusa\/bita-novusa-bereza-krasnyj\/#primaryimage"},"thumbnailUrl":"https:\/\/novusagalds.lv\/wp-content\/uploads\/2025\/03\/sarkans.jpg","datePublished":"2025-03-14T14:44:51+00:00","dateModified":"2025-04-18T22:16:16+00:00","description":"Novusa liel\u0101 ripa B\u0113rza sarkana - 1.50EUR, svars 13g, novusa mamma, novusa govs, b\u0113rzs","breadcrumb":{"@id":"https:\/\/novusagalds.lv\/ru\/magazin\/peshki-novusa\/bita-novusa-bereza-krasnyj\/#breadcrumb"},"inLanguage":"ru-RU","potentialAction":[{"@type":"ReadAction","target":["https:\/\/novusagalds.lv\/ru\/magazin\/peshki-novusa\/bita-novusa-bereza-krasnyj\/"]}]},{"@type":"ImageObject","inLanguage":"ru-RU","@id":"https:\/\/novusagalds.lv\/ru\/magazin\/peshki-novusa\/bita-novusa-bereza-krasnyj\/#primaryimage","url":"https:\/\/novusagalds.lv\/wp-content\/uploads\/2025\/03\/sarkans.jpg","contentUrl":"https:\/\/novusagalds.lv\/wp-content\/uploads\/2025\/03\/sarkans.jpg","width":1000,"height":1000},{"@type":"BreadcrumbList","@id":"https:\/\/novusagalds.lv\/ru\/magazin\/peshki-novusa\/bita-novusa-bereza-krasnyj\/#breadcrumb","itemListElement":[{"@type":"ListItem","position":1,"name":"Home","item":"https:\/\/novusagalds.lv\/ru\/"},{"@type":"ListItem","position":2,"name":"\u041c\u0430\u0433\u0430\u0437\u0438\u043d","item":"https:\/\/novusagalds.lv\/ru\/magazin\/"},{"@type":"ListItem","position":3,"name":"\u0411\u0438\u0442\u0430 \u041d\u043e\u0432\u0443\u0441\u0430, \u0431\u0435\u0440\u0435\u0437\u0430, \u043a\u0440\u0430\u0441\u043d\u044b\u0439"}]},{"@type":"WebSite","@id":"https:\/\/novusagalds.lv\/ru\/#website","url":"https:\/\/novusagalds.lv\/ru\/","name":"Novusa galds","description":"\u0412 \u043d\u0430\u0448\u0435\u043c \u043c\u0430\u0433\u0430\u0437\u0438\u043d\u0435 \u0432\u044b \u043d\u0430\u0439\u0434\u0435\u0442\u0435 \u0432\u0441\u0451 \u043d\u0435\u043e\u0431\u0445\u043e\u0434\u0438\u043c\u043e\u0435 \u0434\u043b\u044f \u0437\u0430\u0445\u0432\u0430\u0442\u044b\u0432\u0430\u044e\u0449\u0435\u0439 \u0438\u0433\u0440\u044b \u0432 \u041d\u043e\u0432\u0443\u0441: \u043f\u0440\u043e\u0444\u0435\u0441\u0441\u0438\u043e\u043d\u0430\u043b\u044c\u043d\u044b\u0435 \u0438 \u043b\u044e\u0431\u0438\u0442\u0435\u043b\u044c\u0441\u043a\u0438\u0435 \u0441\u0442\u043e\u043b\u044b, \u043a\u0438\u0438, \u0444\u0438\u0448\u043a\u0438, \u0430\u043a\u0441\u0435\u0441\u0441\u0443\u0430\u0440\u044b \u0438 \u0441\u0440\u0435\u0434\u0441\u0442\u0432\u0430 \u0434\u043b\u044f \u0443\u0445\u043e\u0434\u0430. \u0412\u044b\u0441\u043e\u043a\u043e\u0435 \u043a\u0430\u0447\u0435\u0441\u0442\u0432\u043e, \u0434\u043e\u0441\u0442\u0443\u043f\u043d\u044b\u0435 \u0446\u0435\u043d\u044b \u0438 \u0434\u043e\u0441\u0442\u0430\u0432\u043a\u0430 \u043f\u043e \u0432\u0441\u0435\u043c\u0443 \u0411\u0430\u043b\u0442\u0438\u0439\u0441\u043a\u043e\u043c\u0443 \u0440\u0435\u0433\u0438\u043e\u043d\u0443. \u041d\u0430\u0447\u043d\u0438\u0442\u0435 \u0441\u0432\u043e\u044e \u0438\u0433\u0440\u0443 \u0441 \u043d\u0430\u043c\u0438!","potentialAction":[{"@type":"SearchAction","target":{"@type":"EntryPoint","urlTemplate":"https:\/\/novusagalds.lv\/ru\/?s={search_term_string}"},"query-input":{"@type":"PropertyValueSpecification","valueRequired":true,"valueName":"search_term_string"}}],"inLanguage":"ru-RU"}]}},"_links":{"self":[{"href":"https:\/\/novusagalds.lv\/ru\/wp-json\/wp\/v2\/product\/6209","targetHints":{"allow":["GET"]}}],"collection":[{"href":"https:\/\/novusagalds.lv\/ru\/wp-json\/wp\/v2\/product"}],"about":[{"href":"https:\/\/novusagalds.lv\/ru\/wp-json\/wp\/v2\/types\/product"}],"wp:featuredmedia":[{"embeddable":true,"href":"https:\/\/novusagalds.lv\/ru\/wp-json\/wp\/v2\/media\/6753"}],"wp:attachment":[{"href":"https:\/\/novusagalds.lv\/ru\/wp-json\/wp\/v2\/media?parent=6209"}],"wp:term":[{"taxonomy":"product_brand","embeddable":true,"href":"https:\/\/novusagalds.lv\/ru\/wp-json\/wp\/v2\/product_brand?post=6209"},{"taxonomy":"product_cat","embeddable":true,"href":"https:\/\/novusagalds.lv\/ru\/wp-json\/wp\/v2\/product_cat?post=6209"},{"taxonomy":"product_tag","embeddable":true,"href":"https:\/\/novusagalds.lv\/ru\/wp-json\/wp\/v2\/product_tag?post=6209"}],"curies":[{"name":"wp","href":"https:\/\/api.w.org\/{rel}","templated":true}]}}